{"id":6002,"date":"2025-05-26T11:21:25","date_gmt":"2025-05-26T08:21:25","guid":{"rendered":"https:\/\/www.portofcanakkale.com\/tr\/?page_id=6002"},"modified":"2025-06-13T10:10:22","modified_gmt":"2025-06-13T07:10:22","slug":"permissions-licenses","status":"publish","type":"page","link":"https:\/\/www.portofcanakkale.com\/tr\/permissions-licenses\/","title":{"rendered":"\u0130Z\u0130NLER &#8211; L\u0130SANSLAR"},"content":{"rendered":"<div class=\"wpb-content-wrapper\"><p>[vc_row][vc_column width=&#8221;1\/3&#8243;][vc_single_image image=&#8221;6017&#8243; img_size=&#8221;medium&#8221; alignment=&#8221;center&#8221; style=&#8221;vc_box_shadow_3d&#8221;][vc_column_text]<\/p>\n<p style=\"text-align: center;\">ISPS Kod \u0130zin Belgesi<br \/>\n<a href=\"https:\/\/www.portofcanakkale.com\/wp-content\/uploads\/pdf\/CLIAS_UAB-ISPS_KS_TR.pdf\" target=\"_blank\" rel=\"noopener\"><br \/>\n<i class=\"fa fa-solid fa-file-pdf\"><\/i> PDF<br \/>\n<\/a><\/p>\n<p>[\/vc_column_text][\/vc_column][vc_column width=&#8221;1\/3&#8243;][vc_single_image image=&#8221;6021&#8243; img_size=&#8221;medium&#8221; alignment=&#8221;center&#8221; style=&#8221;vc_box_shadow_3d&#8221;][vc_column_text]<\/p>\n<p style=\"text-align: center;\">IMDG Kod \u0130zin Belgesi<br \/>\n<a href=\"https:\/\/www.portofcanakkale.com\/wp-content\/uploads\/pdf\/CLIAS_KTTYUB_TR.pdf\" target=\"_blank\" rel=\"noopener\"><br \/>\n<i class=\"fa fa-solid fa-file-pdf\"><\/i> PDF<br \/>\n<\/a><\/p>\n<p>[\/vc_column_text][\/vc_column][vc_column width=&#8221;1\/3&#8243;][vc_single_image image=&#8221;6023&#8243; img_size=&#8221;medium&#8221; alignment=&#8221;center&#8221; style=&#8221;vc_box_shadow_3d&#8221;][vc_column_text]<\/p>\n<p style=\"text-align: center;\">K\u0131y\u0131 Tesisi \u0130\u015fletme \u0130zin Belgesi<br \/>\n<a href=\"https:\/\/www.portofcanakkale.com\/wp-content\/uploads\/pdf\/CLIAS_KTIIB_TR.pdf\" target=\"_blank\" rel=\"noopener\"><br \/>\n<i class=\"fa fa-solid fa-file-pdf\"><\/i> PDF<br \/>\n<\/a><\/p>\n<p>[\/vc_column_text][\/vc_column][\/vc_row][vc_row][vc_column width=&#8221;1\/3&#8243;][vc_single_image image=&#8221;6032&#8243; img_size=&#8221;medium&#8221; alignment=&#8221;center&#8221; style=&#8221;vc_box_shadow_3d&#8221;][vc_column_text]<\/p>\n<p style=\"text-align: center;\">\u00c7evre \u0130zin ve Lisans Belgesi<br \/>\n<a href=\"https:\/\/www.portofcanakkale.com\/wp-content\/uploads\/2024\/12\/CLIAS_CEVRE_IZIN_LISANSI_TR.pdf\" target=\"_blank\" rel=\"noopener\"><br \/>\n<i class=\"fa fa-solid fa-file-pdf\"><\/i> PDF<br \/>\n<\/a><\/p>\n<p>[\/vc_column_text][\/vc_column][vc_column width=&#8221;1\/3&#8243;][vc_single_image image=&#8221;6034&#8243; img_size=&#8221;medium&#8221; alignment=&#8221;center&#8221; style=&#8221;vc_box_shadow_3d&#8221;][vc_column_text]<\/p>\n<p style=\"text-align: center;\">EPDK Lisans Belgesi<br \/>\n<a href=\"https:\/\/www.portofcanakkale.com\/wp-content\/uploads\/2024\/12\/CLIAS_EPDK_DEPOLAMA_LISANSI_TR.pdf\" target=\"_blank\" rel=\"noopener\"><br \/>\n<i class=\"fa fa-solid fa-file-pdf\"><\/i> PDF<br \/>\n<\/a><\/p>\n<p>[\/vc_column_text][\/vc_column][vc_column width=&#8221;1\/3&#8243;][vc_single_image image=&#8221;6034&#8243; img_size=&#8221;medium&#8221; alignment=&#8221;center&#8221; style=&#8221;vc_box_shadow_3d&#8221;][vc_column_text]<\/p>\n<p style=\"text-align: center;\">\u0130hrakiye Teslimi Lisans Belgesi<br \/>\n<a href=\"https:\/\/www.portofcanakkale.com\/wp-content\/uploads\/2024\/12\/CLIAS_EPDK_IHRAKIYE_TESLIM_LISANSI_TR.pdf\" target=\"_blank\" rel=\"noopener\"><br \/>\n<i class=\"fa fa-solid fa-file-pdf\"><\/i> PDF<br \/>\n<\/a><\/p>\n<p>[\/vc_column_text][\/vc_column][\/vc_row]<\/p>\n<\/div>","protected":false},"excerpt":{"rendered":"<p>[vc_row][vc_column width=&#8221;1\/3&#8243;][vc_single_image image=&#8221;6017&#8243; img_size=&#8221;medium&#8221; alignment=&#8221;center&#8221; style=&#8221;vc_box_shadow_3d&#8221;][vc_column_text] ISPS Kod \u0130zin Belgesi PDF [\/vc_column_text][\/vc_column][vc_column width=&#8221;1\/3&#8243;][vc_single_image image=&#8221;6021&#8243; img_size=&#8221;medium&#8221; alignment=&#8221;center&#8221; style=&#8221;vc_box_shadow_3d&#8221;][vc_column_text] IMDG Kod \u0130zin Belgesi PDF [\/vc_column_text][\/vc_column][vc_column width=&#8221;1\/3&#8243;][vc_single_image image=&#8221;6023&#8243; img_size=&#8221;medium&#8221; alignment=&#8221;center&#8221; style=&#8221;vc_box_shadow_3d&#8221;][vc_column_text] K\u0131y\u0131 Tesisi \u0130\u015fletme \u0130zin Belgesi PDF [\/vc_column_text][\/vc_column][\/vc_row][vc_row][vc_column width=&#8221;1\/3&#8243;][vc_single_image image=&#8221;6032&#8243; img_size=&#8221;medium&#8221; alignment=&#8221;center&#8221; style=&#8221;vc_box_shadow_3d&#8221;][vc_column_text] \u00c7evre \u0130zin ve Lisans Belgesi PDF [\/vc_column_text][\/vc_column][vc_column width=&#8221;1\/3&#8243;][vc_single_image image=&#8221;6034&#8243; img_size=&#8221;medium&#8221; alignment=&#8221;center&#8221; style=&#8221;vc_box_shadow_3d&#8221;][vc_column_text] EPDK Lisans Belgesi [&hellip;]<\/p>\n","protected":false},"author":2,"featured_media":0,"parent":0,"menu_order":0,"comment_status":"closed","ping_status":"closed","template":"","meta":{"footnotes":""},"class_list":["post-6002","page","type-page","status-publish","hentry"],"_links":{"self":[{"href":"https:\/\/www.portofcanakkale.com\/tr\/wp-json\/wp\/v2\/pages\/6002","targetHints":{"allow":["GET"]}}],"collection":[{"href":"https:\/\/www.portofcanakkale.com\/tr\/wp-json\/wp\/v2\/pages"}],"about":[{"href":"https:\/\/www.portofcanakkale.com\/tr\/wp-json\/wp\/v2\/types\/page"}],"author":[{"embeddable":true,"href":"https:\/\/www.portofcanakkale.com\/tr\/wp-json\/wp\/v2\/users\/2"}],"replies":[{"embeddable":true,"href":"https:\/\/www.portofcanakkale.com\/tr\/wp-json\/wp\/v2\/comments?post=6002"}],"version-history":[{"count":31,"href":"https:\/\/www.portofcanakkale.com\/tr\/wp-json\/wp\/v2\/pages\/6002\/revisions"}],"predecessor-version":[{"id":6120,"href":"https:\/\/www.portofcanakkale.com\/tr\/wp-json\/wp\/v2\/pages\/6002\/revisions\/6120"}],"wp:attachment":[{"href":"https:\/\/www.portofcanakkale.com\/tr\/wp-json\/wp\/v2\/media?parent=6002"}],"curies":[{"name":"wp","href":"https:\/\/api.w.org\/{rel}","templated":true}]}}