{"id":6,"date":"2015-01-24T08:46:21","date_gmt":"2015-01-24T08:46:21","guid":{"rendered":"http:\/\/demo.wydethemes.com\/vela5\/?page_id=6"},"modified":"2025-07-09T10:41:30","modified_gmt":"2025-07-09T07:41:30","slug":"home","status":"publish","type":"page","link":"https:\/\/www.portofcanakkale.com\/tr\/","title":{"rendered":"ANASAYFA"},"content":{"rendered":"<div class=\"wpb-content-wrapper\"><p>[vc_row][vc_column]\n\t\t\t<!-- START KDR Main Page Slider TR REVOLUTION SLIDER 6.7.35 --><p class=\"rs-p-wp-fix\"><\/p>\n\t\t\t<rs-module-wrap id=\"rev_slider_6_1_wrapper\" data-source=\"gallery\" style=\"visibility:hidden;background:transparent;padding:0;margin:0px auto;margin-top:0;margin-bottom:0;\">\n\t\t\t\t<rs-module id=\"rev_slider_6_1\" style=\"\" data-version=\"6.7.35\">\n\t\t\t\t\t<rs-slides style=\"overflow: hidden; position: absolute;\">\n\t\t\t\t\t\t<rs-slide style=\"position: absolute;\" data-key=\"rs-9\" data-title=\"Slide\" data-in=\"prst:rndany;o:0;x:100%;\">\n\t\t\t\t\t\t\t<img fetchpriority=\"high\" decoding=\"async\" src=\"\/\/www.portofcanakkale.com\/wp-content\/plugins\/revslider\/sr6\/assets\/assets\/dummy.png\" alt=\"\" width=\"1280\" height=\"720\" class=\"rev-slidebg tp-rs-img rs-lazyload\" data-lazyload=\"\/\/www.portofcanakkale.com\/wp-content\/uploads\/revslider\/video-media\/MainPageSliderVideo_9.jpeg\" data-no-retina>\n\t\t\t\t\t\t\t<rs-bgvideo \n\t\t\t\t\t\t\t\tdata-video=\"w:100%;h:100%;nse:false;rwd:false;l:true;ptimer:false;vfc:true;\"\n\t\t\t\t\t\t\t\tdata-mp4=\"\/\/www.portofcanakkale.com\/wp-content\/uploads\/2024\/10\/MainPageSliderVideo.webm\"\n\t\t\t\t\t\t\t><\/rs-bgvideo>\n<!--\n\t\t\t\t\t\t\t--><rs-layer\n\t\t\t\t\t\t\t\tid=\"slider-6-slide-9-layer-0\" \n\t\t\t\t\t\t\t\tdata-type=\"text\"\n\t\t\t\t\t\t\t\tdata-color=\"#fff\"\n\t\t\t\t\t\t\t\tdata-rsp_ch=\"on\"\n\t\t\t\t\t\t\t\tdata-xy=\"x:50px;y:50px;\"\n\t\t\t\t\t\t\t\tdata-text=\"w:normal;s:35;l:45;ls:2;fw:300;\"\n\t\t\t\t\t\t\t\tdata-dim=\"minh:0px;\"\n\t\t\t\t\t\t\t\tdata-frame_0=\"o:1;\"\n\t\t\t\t\t\t\t\tdata-frame_0_chars=\"d:5;x:105%;o:1;rY:45deg;rZ:90deg;\"\n\t\t\t\t\t\t\t\tdata-frame_0_mask=\"u:t;\"\n\t\t\t\t\t\t\t\tdata-frame_1=\"sp:2000;\"\n\t\t\t\t\t\t\t\tdata-frame_1_mask=\"u:t;\"\n\t\t\t\t\t\t\t\tdata-frame_999=\"o:0;st:w;\"\n\t\t\t\t\t\t\t\tdata-tloop=\"u:true;\"\n\t\t\t\t\t\t\t\tstyle=\"z-index:5;font-family:'Work Sans';\"\n\t\t\t\t\t\t\t>At\u0131k Al\u0131m Hizmeti<br \/>\nAt\u0131k Kabul Tesisi<br \/>\nLiman Hizmetleri<br \/>\nYak\u0131t \u0130kmali<br \/>\nAcentelik<br \/>\nGemi \u0130\u015fletme \n\t\t\t\t\t\t\t<\/rs-layer><!--\n-->\t\t\t\t\t<\/rs-slide>\n\t\t\t\t\t<\/rs-slides>\n\t\t\t\t<\/rs-module>\n\t\t\t\t<script>\n\t\t\t\t\tsetREVStartSize({c: 'rev_slider_6_1',rl:[1240,1024,778,480],el:[900],gw:[1240],gh:[900],type:'standard',justify:'',layout:'fullwidth',mh:\"0\"});if (window.RS_MODULES!==undefined && window.RS_MODULES.modules!==undefined && window.RS_MODULES.modules[\"revslider61\"]!==undefined) {window.RS_MODULES.modules[\"revslider61\"].once = false;window.revapi6 = undefined;if (window.RS_MODULES.checkMinimal!==undefined) window.RS_MODULES.checkMinimal()}\n\t\t\t\t<\/script>\n\t\t\t<\/rs-module-wrap>\n\t\t\t<!-- END REVOLUTION SLIDER -->\n[\/vc_column][\/vc_row][vc_row][vc_column width=&#8221;1\/3&#8243;][vc_hoverbox image=&#8221;5633&#8243; primary_title=&#8221;Liman Hizmetleri&#8221; primary_align=&#8221;left&#8221; primary_title_font_container=&#8221;color:%23ffffff&#8221; primary_title_use_theme_fonts=&#8221;yes&#8221; hover_title=&#8221;&#8221; hover_align=&#8221;left&#8221; hover_btn_title=&#8221;Detay&#8221; hover_btn_style=&#8221;3d&#8221; css_animation=&#8221;none&#8221; use_custom_fonts_primary_title=&#8221;true&#8221; hover_add_button=&#8221;true&#8221; hover_btn_link=&#8221;url:https%3A%2F%2Fwww.portofcanakkale.com%2Fport-services%2F|title:Port%20Services||&#8221; css=&#8221;.vc_custom_1745320804634{border-radius: 10px !important;}&#8221;]\u00c7anakkale Bo\u011faz\u0131\u2019nda yer alan g\u00fcmr\u00fckl\u00fc ve g\u00fcmr\u00fcks\u00fcz 75000 m\u00b2 alan \u00fczerine kurulu olan \u00c7anakkale (Kepez) Liman\u0131,<\/p>\n<p>\u00c7anakkale \u0130li i\u00e7in Turizm ve Ticaretin d\u00fcnyaya a\u00e7\u0131lan kap\u0131s\u0131d\u0131r. Liman 2 km\u2019lik \u00f6zel otoyolu ile Bursa-\u0130zmir karayoluna do\u011frudan ba\u011flant\u0131l\u0131d\u0131r.[\/vc_hoverbox][vc_empty_space height=&#8221;50px&#8221;][vc_hoverbox image=&#8221;4598&#8243; primary_title=&#8221;Acente&#8221; primary_align=&#8221;left&#8221; primary_title_font_container=&#8221;color:%23ffffff&#8221; primary_title_use_theme_fonts=&#8221;yes&#8221; hover_title=&#8221;&#8221; hover_btn_title=&#8221;Detay&#8221; hover_btn_style=&#8221;3d&#8221; use_custom_fonts_primary_title=&#8221;true&#8221; hover_add_button=&#8221;true&#8221; hover_btn_link=&#8221;url:https%3A%2F%2Fportofcanakkale.com%2Fagency%2F|title:Agency||&#8221;]Acente markam\u0131z olan C L I A S T\u00fcrkiye\u2019nin her k\u00f6\u015fesinde geni\u015f ve yayg\u0131n bir ileti\u015fim a\u011f\u0131na sahiptir.Bu nedenle size en yo\u011fun limanlardan en uzak limanlara\/sulara kadar tam kapsaml\u0131 Acentelik hizmetlerini \u00c7anakkale\u2019deki merkez ofisimiz ve \u0130zmir Alia\u011fa \u015fubemizden sunmaktay\u0131z.[\/vc_hoverbox][\/vc_column][vc_column width=&#8221;1\/3&#8243;][vc_hoverbox image=&#8221;5653&#8243; primary_title=&#8221;At\u0131k Al\u0131m&#8221; primary_align=&#8221;left&#8221; primary_title_font_container=&#8221;color:%23ffffff&#8221; primary_title_use_theme_fonts=&#8221;yes&#8221; hover_title=&#8221;&#8221; hover_btn_title=&#8221;Detay&#8221; hover_btn_style=&#8221;3d&#8221; use_custom_fonts_primary_title=&#8221;true&#8221; hover_add_button=&#8221;true&#8221; hover_btn_link=&#8221;url:https%3A%2F%2Fportofcanakkale.com%2Fwaste-reception%2F|title:Waste%20Reception||&#8221;]T\u00fcrkiye\u2019nin en b\u00fcy\u00fck gemilerden At\u0131k Al\u0131m Tesisine sahip <strong>Marine Care Association<\/strong> \u00fcyesidir. Liman operasyonlar\u0131n\u0131n yan\u0131 s\u0131ra, Avrupa ve \u00f6tesindeki Liman Al\u0131m Tesisi sa\u011flay\u0131c\u0131lar\u0131n\u0131n Uluslararas\u0131 Ticaret Birli\u011fi olan \u00c7anakkale Liman\u0131, gemi kaynakl\u0131 at\u0131k, sintine suyu, E\/R \u00e7amuru, kat\u0131 \u00e7amurun al\u0131m\u0131nda T\u00fcrkiye\u2019nin lider \u015firketidir.[\/vc_hoverbox][vc_empty_space height=&#8221;50px&#8221;][vc_hoverbox image=&#8221;4981&#8243; primary_title=&#8221;Gemi Y\u00f6netimi&#8221; primary_align=&#8221;left&#8221; primary_title_font_container=&#8221;color:%23ffffff&#8221; primary_title_use_theme_fonts=&#8221;yes&#8221; hover_title=&#8221;&#8221; hover_btn_title=&#8221;Detay&#8221; hover_btn_style=&#8221;3d&#8221; use_custom_fonts_primary_title=&#8221;true&#8221; hover_add_button=&#8221;true&#8221; hover_btn_link=&#8221;url:https%3A%2F%2Fwww.portofcanakkale.com%2Fship-management%2F|title:SHIP%20MANAGEMENT||&#8221;]CLIAS, T\u00fcrk Bayrakl\u0131 At\u0131k Al\u0131m ve Bunker Gemileri i\u015fletme konusunda deneyime sahiptir.<\/p>\n<p>CLIAS\u2019\u0131n en b\u00fcy\u00fck g\u00fcc\u00fc, ofislerinde ve y\u00f6netilen gemilerde \u00e7al\u0131\u015fan personelidir. T\u00fcm ofis personelimiz denizcilik e\u011fitimi ve tecr\u00fcbesine sahiptir.[\/vc_hoverbox][vc_empty_space height=&#8221;50px&#8221;][vc_hoverbox image=&#8221;5665&#8243; primary_title=&#8221;Kruvaziyer&#8221; primary_align=&#8221;left&#8221; primary_title_font_container=&#8221;color:%23ffffff&#8221; primary_title_use_theme_fonts=&#8221;yes&#8221; hover_title=&#8221;&#8221; hover_btn_title=&#8221;Detay&#8221; hover_btn_style=&#8221;3d&#8221; use_custom_fonts_primary_title=&#8221;true&#8221; hover_add_button=&#8221;true&#8221; hover_btn_link=&#8221;url:https%3A%2F%2Fwww.portofcanakkale.com%2Ftr%2Fcruise-vessel%2F|title:CRUISE%20VESSEL&#8221;]\u00c7anakkale ilimiz tarihsel, k\u00fclt\u00fcrel ve turistik olarak bir\u00e7ok \u00f6ren yerini (Asos, Truva,\u015eehitlik v.s) b\u00fcnyesinde bulunduran \u00f6nemli bir turizm durak noktas\u0131d\u0131r. Y\u0131lda ortalama 35-50 yolcu gemisi ile 15 bin \u2013 25 bin aras\u0131nda yolcuyu a\u011f\u0131rlayan \u00c7anakkale ilinin D\u00fcnya ve T\u00fcrkiye Turizmine a\u00e7\u0131lan kap\u0131s\u0131d\u0131r.<br \/>\nAmac\u0131m\u0131z bu say\u0131lar\u0131 \u00e7ok daha yukar\u0131 ta\u015f\u0131makt\u0131r.[\/vc_hoverbox][\/vc_column][vc_column width=&#8221;1\/3&#8243;][vc_hoverbox image=&#8221;5643&#8243; primary_title=&#8221;Yak\u0131t \u0130kmali&#8221; primary_align=&#8221;left&#8221; primary_title_font_container=&#8221;color:%23ffffff&#8221; primary_title_use_theme_fonts=&#8221;yes&#8221; hover_title=&#8221;&#8221; hover_btn_title=&#8221;Detay&#8221; hover_btn_style=&#8221;3d&#8221; use_custom_fonts_primary_title=&#8221;true&#8221; hover_add_button=&#8221;true&#8221; hover_btn_link=&#8221;url:https%3A%2F%2Fportofcanakkale.com%2Fbunkering%2F|title:Bunkering||&#8221;]Bozcaada ve \u015eevketiye B\u00f6lgesinde h\u0131zl\u0131 ve sa\u011fl\u0131kl\u0131 teslimatlar sayesinde gemi sahiplerine ve operat\u00f6rlerine zamandan ve paradan tasarruf sa\u011flayan yak\u0131t operasyonlar\u0131 ger\u00e7ekle\u015ftiriyoruz.<\/p>\n<p>Ayr\u0131ca \u0130stanbul ve \u0130zmir de de Bunker hizmeti vermekteyiz.[\/vc_hoverbox][vc_empty_space height=&#8221;50px&#8221;][vc_hoverbox image=&#8221;4935&#8243; primary_title=&#8221;L\u0130MAN ATIK KABUL TES\u0130S\u0130 (LAKT)&#8221; primary_align=&#8221;left&#8221; primary_title_font_container=&#8221;color:%23ffffff&#8221; primary_title_use_theme_fonts=&#8221;yes&#8221; hover_title=&#8221;&#8221; hover_btn_title=&#8221;Detay&#8221; hover_btn_style=&#8221;3d&#8221; use_custom_fonts_primary_title=&#8221;true&#8221; hover_add_button=&#8221;true&#8221; hover_btn_link=&#8221;url:https%3A%2F%2Fwww.portofcanakkale.com%2Fport-reception-facility-prf%2F|title:PORT%20RECEPTION%20FACILITY%20(PRF)||&#8221;]T\u00fcrkiye\u2019nin en b\u00fcy\u00fck At\u0131k Al\u0131m Tesisine (PRF) sahip <strong>Marine Care Association<\/strong> \u00fcyesidir.<\/p>\n<p>Y\u0131ll\u0131k 220-280 bin m\u00b3 MARPOL 73\/78 Kapsam\u0131ndaki EK1 -EK4-EK5-EK6 At\u0131\u011f\u0131 elle\u00e7leme kapasitesine sahiptir.[\/vc_hoverbox][\/vc_column][\/vc_row]<\/p>\n<\/div>","protected":false},"excerpt":{"rendered":"<p>[vc_row][vc_column][\/vc_column][\/vc_row][vc_row][vc_column width=&#8221;1\/3&#8243;][vc_hoverbox image=&#8221;5633&#8243; primary_title=&#8221;Liman Hizmetleri&#8221; primary_align=&#8221;left&#8221; primary_title_font_container=&#8221;color:%23ffffff&#8221; primary_title_use_theme_fonts=&#8221;yes&#8221; hover_title=&#8221;&#8221; hover_align=&#8221;left&#8221; hover_btn_title=&#8221;Detay&#8221; hover_btn_style=&#8221;3d&#8221; css_animation=&#8221;none&#8221; use_custom_fonts_primary_title=&#8221;true&#8221; hover_add_button=&#8221;true&#8221; hover_btn_link=&#8221;url:https%3A%2F%2Fwww.portofcanakkale.com%2Fport-services%2F|title:Port%20Services||&#8221; css=&#8221;.vc_custom_1745320804634{border-radius: 10px !important;}&#8221;]\u00c7anakkale Bo\u011faz\u0131\u2019nda yer alan g\u00fcmr\u00fckl\u00fc ve g\u00fcmr\u00fcks\u00fcz 75000 m\u00b2 alan \u00fczerine kurulu olan \u00c7anakkale (Kepez) Liman\u0131, \u00c7anakkale \u0130li i\u00e7in Turizm ve Ticaretin d\u00fcnyaya a\u00e7\u0131lan kap\u0131s\u0131d\u0131r. Liman 2 km\u2019lik \u00f6zel otoyolu ile Bursa-\u0130zmir karayoluna do\u011frudan ba\u011flant\u0131l\u0131d\u0131r.[\/vc_hoverbox][vc_empty_space height=&#8221;50px&#8221;][vc_hoverbox image=&#8221;4598&#8243; [&hellip;]<\/p>\n","protected":false},"author":2,"featured_media":0,"parent":0,"menu_order":0,"comment_status":"open","ping_status":"open","template":"full-width.php","meta":{"footnotes":""},"class_list":["post-6","page","type-page","status-publish","hentry"],"_links":{"self":[{"href":"https:\/\/www.portofcanakkale.com\/tr\/wp-json\/wp\/v2\/pages\/6","targetHints":{"allow":["GET"]}}],"collection":[{"href":"https:\/\/www.portofcanakkale.com\/tr\/wp-json\/wp\/v2\/pages"}],"about":[{"href":"https:\/\/www.portofcanakkale.com\/tr\/wp-json\/wp\/v2\/types\/page"}],"author":[{"embeddable":true,"href":"https:\/\/www.portofcanakkale.com\/tr\/wp-json\/wp\/v2\/users\/2"}],"replies":[{"embeddable":true,"href":"https:\/\/www.portofcanakkale.com\/tr\/wp-json\/wp\/v2\/comments?post=6"}],"version-history":[{"count":151,"href":"https:\/\/www.portofcanakkale.com\/tr\/wp-json\/wp\/v2\/pages\/6\/revisions"}],"predecessor-version":[{"id":6193,"href":"https:\/\/www.portofcanakkale.com\/tr\/wp-json\/wp\/v2\/pages\/6\/revisions\/6193"}],"wp:attachment":[{"href":"https:\/\/www.portofcanakkale.com\/tr\/wp-json\/wp\/v2\/media?parent=6"}],"curies":[{"name":"wp","href":"https:\/\/api.w.org\/{rel}","templated":true}]}}