{"id":5915,"date":"2025-04-15T09:12:39","date_gmt":"2025-04-15T06:12:39","guid":{"rendered":"https:\/\/www.portofcanakkale.com\/tr\/?page_id=5915"},"modified":"2025-04-15T09:15:29","modified_gmt":"2025-04-15T06:15:29","slug":"port-facility-operating-license","status":"publish","type":"page","link":"https:\/\/www.portofcanakkale.com\/tr\/port-facility-operating-license\/","title":{"rendered":"KIYI TES\u0130S\u0130 \u0130\u015eLETME \u0130ZN\u0130"},"content":{"rendered":"<div class=\"wpb-content-wrapper\"><p>[vc_row][vc_column][vc_column_text]<iframe style=\"display: block; margin-left: auto; margin-right: auto; width: 100%; height: 600px;\" src=\"https:\/\/www.portofcanakkale.com\/wp-content\/plugins\/pdf-viewer-for-elementor\/assets\/pdfjs\/web\/viewer.html?file=https:\/\/www.portofcanakkale.com\/wp-content\/uploads\/pdf\/CLIAS_KTIIB_TR.pdf&#038;embedded=true\" frameborder=\"1\" marginwidth=\"0px\" marginheight=\"0px\" allowfullscreen=\"allowfullscreen\"><\/iframe>[\/vc_column_text][\/vc_column][\/vc_row]<\/p>\n<\/div>","protected":false},"excerpt":{"rendered":"<p>[vc_row][vc_column][vc_column_text][\/vc_column_text][\/vc_column][\/vc_row]<\/p>\n","protected":false},"author":2,"featured_media":0,"parent":0,"menu_order":0,"comment_status":"closed","ping_status":"closed","template":"","meta":{"footnotes":""},"class_list":["post-5915","page","type-page","status-publish","hentry"],"_links":{"self":[{"href":"https:\/\/www.portofcanakkale.com\/tr\/wp-json\/wp\/v2\/pages\/5915","targetHints":{"allow":["GET"]}}],"collection":[{"href":"https:\/\/www.portofcanakkale.com\/tr\/wp-json\/wp\/v2\/pages"}],"about":[{"href":"https:\/\/www.portofcanakkale.com\/tr\/wp-json\/wp\/v2\/types\/page"}],"author":[{"embeddable":true,"href":"https:\/\/www.portofcanakkale.com\/tr\/wp-json\/wp\/v2\/users\/2"}],"replies":[{"embeddable":true,"href":"https:\/\/www.portofcanakkale.com\/tr\/wp-json\/wp\/v2\/comments?post=5915"}],"version-history":[{"count":6,"href":"https:\/\/www.portofcanakkale.com\/tr\/wp-json\/wp\/v2\/pages\/5915\/revisions"}],"predecessor-version":[{"id":6024,"href":"https:\/\/www.portofcanakkale.com\/tr\/wp-json\/wp\/v2\/pages\/5915\/revisions\/6024"}],"wp:attachment":[{"href":"https:\/\/www.portofcanakkale.com\/tr\/wp-json\/wp\/v2\/media?parent=5915"}],"curies":[{"name":"wp","href":"https:\/\/api.w.org\/{rel}","templated":true}]}}