{"id":5778,"date":"2024-10-31T16:32:03","date_gmt":"2024-10-31T13:32:03","guid":{"rendered":"https:\/\/www.portofcanakkale.com\/tr\/?page_id=5778"},"modified":"2025-06-13T10:02:18","modified_gmt":"2025-06-13T07:02:18","slug":"vision-mission","status":"publish","type":"page","link":"https:\/\/www.portofcanakkale.com\/tr\/vision-mission\/","title":{"rendered":"V\u0130ZYON &#8211; M\u0130SYON"},"content":{"rendered":"<div class=\"wpb-content-wrapper\"><p>[vc_row][vc_column][vc_column_text]<\/p>\n<h4 style=\"text-align: left;\"><strong><u>Vizyon<\/u><\/strong><\/h4>\n<p><strong><br \/>\n<\/strong>Limanc\u0131l\u0131k Faaliyetleri kapsam\u0131nda; s\u00fcrd\u00fcr\u00fclebilirlik \u0131\u015f\u0131\u011f\u0131nda, \u00e7evreci, son teknolojiyi ve bilimi<br \/>\nkullanarak t\u00fcm faaliyetlerimizi, emniyetli ve g\u00fcvenle tamamlamak. D\u00fcnyada ve T\u00fcrkiye\u2019de say\u0131l\u0131<br \/>\nlimanlar aras\u0131nda yer alarak, i\u015fg\u00fcc\u00fc anlam\u0131nda tercih edilebilir bir i\u015fletme olmak.<\/p>\n<h4 style=\"text-align: left;\"><strong><u>Misyon<\/u><\/strong><\/h4>\n<p><strong><br \/>\n<\/strong>\u00c7anakkale Liman \u0130\u015fletmesi olarak insana, \u00e7al\u0131\u015fana ve \u00e7evreye duyarl\u0131, s\u0131f\u0131r kaza politikas\u0131 ile t\u00fcm<br \/>\nliman faaliyetlerini emniyetli ve g\u00fcvenli bir \u015fekilde ger\u00e7ekle\u015ftirmek, T\u00fcrkiye ve \u00c7anakkale<br \/>\nekonomisine katk\u0131 sa\u011flamak, b\u00fcy\u00fcyerek istihdam\u0131 artt\u0131rmak.[\/vc_column_text][\/vc_column][\/vc_row]<\/p>\n<\/div>","protected":false},"excerpt":{"rendered":"<p>[vc_row][vc_column][vc_column_text] Vizyon Limanc\u0131l\u0131k Faaliyetleri kapsam\u0131nda; s\u00fcrd\u00fcr\u00fclebilirlik \u0131\u015f\u0131\u011f\u0131nda, \u00e7evreci, son teknolojiyi ve bilimi kullanarak t\u00fcm faaliyetlerimizi, emniyetli ve g\u00fcvenle tamamlamak. D\u00fcnyada ve T\u00fcrkiye\u2019de say\u0131l\u0131 limanlar aras\u0131nda yer alarak, i\u015fg\u00fcc\u00fc anlam\u0131nda tercih edilebilir bir i\u015fletme olmak. Misyon \u00c7anakkale Liman \u0130\u015fletmesi olarak insana, \u00e7al\u0131\u015fana ve \u00e7evreye duyarl\u0131, s\u0131f\u0131r kaza politikas\u0131 ile t\u00fcm liman faaliyetlerini emniyetli ve g\u00fcvenli bir [&hellip;]<\/p>\n","protected":false},"author":2,"featured_media":0,"parent":0,"menu_order":0,"comment_status":"closed","ping_status":"closed","template":"","meta":{"footnotes":""},"class_list":["post-5778","page","type-page","status-publish","hentry"],"_links":{"self":[{"href":"https:\/\/www.portofcanakkale.com\/tr\/wp-json\/wp\/v2\/pages\/5778","targetHints":{"allow":["GET"]}}],"collection":[{"href":"https:\/\/www.portofcanakkale.com\/tr\/wp-json\/wp\/v2\/pages"}],"about":[{"href":"https:\/\/www.portofcanakkale.com\/tr\/wp-json\/wp\/v2\/types\/page"}],"author":[{"embeddable":true,"href":"https:\/\/www.portofcanakkale.com\/tr\/wp-json\/wp\/v2\/users\/2"}],"replies":[{"embeddable":true,"href":"https:\/\/www.portofcanakkale.com\/tr\/wp-json\/wp\/v2\/comments?post=5778"}],"version-history":[{"count":7,"href":"https:\/\/www.portofcanakkale.com\/tr\/wp-json\/wp\/v2\/pages\/5778\/revisions"}],"predecessor-version":[{"id":6118,"href":"https:\/\/www.portofcanakkale.com\/tr\/wp-json\/wp\/v2\/pages\/5778\/revisions\/6118"}],"wp:attachment":[{"href":"https:\/\/www.portofcanakkale.com\/tr\/wp-json\/wp\/v2\/media?parent=5778"}],"curies":[{"name":"wp","href":"https:\/\/api.w.org\/{rel}","templated":true}]}}