{"id":5775,"date":"2024-10-31T16:21:44","date_gmt":"2024-10-31T13:21:44","guid":{"rendered":"https:\/\/www.portofcanakkale.com\/tr\/?page_id=5775"},"modified":"2025-07-09T11:20:39","modified_gmt":"2025-07-09T08:20:39","slug":"whoarewe","status":"publish","type":"page","link":"https:\/\/www.portofcanakkale.com\/tr\/whoarewe\/","title":{"rendered":"B\u0130Z K\u0130M\u0130Z"},"content":{"rendered":"<div class=\"wpb-content-wrapper\"><p>[vc_row][vc_column][vc_column_text]<strong>\u00c7anakkale Liman\u0131 (Kepez Liman\u0131) , 2 Aral\u0131k 2005 tarihi itibariyle \u00c7anakkale Liman \u0130\u015fletmesi San. ve Tic. A.\u015e. y\u00f6netiminde , Yap-\u0130\u015flet-Devret modeli kapsam\u0131nda 29 y\u0131ll\u0131k i\u015fletme s\u00fcresi i\u00e7in faaliyete ba\u015flam\u0131\u015ft\u0131r.<\/strong><\/p>\n<p><strong>D\u00f6kme, Genel Kargo, S\u0131v\u0131, Kimyasal, Konteyner, Ro-Ro gibi hemen her t\u00fcrl\u00fc y\u00fck\u00fcn elle\u00e7lenmesine y\u00f6nelik liman operasyonlar\u0131n\u0131n yan\u0131 s\u0131ra kruvaziyer operasyonlar\u0131yla, birlikte at\u0131k al\u0131m, at\u0131k i\u015fleme, yak\u0131t ikmali, gemi i\u015fletme, acentelik ve tank temizli\u011fi alanlar\u0131nda da faaliyet g\u00f6stermektedir.<\/strong><\/p>\n<p>&nbsp;<\/p>\n<ul>\n<li><strong>D\u00f6kme Y\u00fck Ta\u015f\u0131y\u0131c\u0131lar\u0131<\/strong><\/li>\n<li><strong>Petrol \u00dcr\u00fcn Tankerleri<\/strong><\/li>\n<li><strong>Kimyasal Tankerler (Baz Ya\u011f, Ay\u00e7i\u00e7ek ya\u011f\u0131 vs)<\/strong><\/li>\n<li><strong>Yolcu Gemileri<\/strong><\/li>\n<li><strong>Feribotlar<\/strong><\/li>\n<li><strong>Y\u00fcksek H\u0131zl\u0131 Yolcu Ara\u00e7lar\u0131<\/strong><\/li>\n<li><strong>Genel Kargo Gemileri<\/strong><\/li>\n<li><strong>Ro-Ro Gemileri<\/strong><\/li>\n<li><strong>Konteyner Gemileri<\/strong><\/li>\n<\/ul>\n<p>[\/vc_column_text][\/vc_column][\/vc_row]<\/p>\n<\/div>","protected":false},"excerpt":{"rendered":"<p>[vc_row][vc_column][vc_column_text]\u00c7anakkale Liman\u0131 (Kepez Liman\u0131) , 2 Aral\u0131k 2005 tarihi itibariyle \u00c7anakkale Liman \u0130\u015fletmesi San. ve Tic. A.\u015e. y\u00f6netiminde , Yap-\u0130\u015flet-Devret modeli kapsam\u0131nda 29 y\u0131ll\u0131k i\u015fletme s\u00fcresi i\u00e7in faaliyete ba\u015flam\u0131\u015ft\u0131r. D\u00f6kme, Genel Kargo, S\u0131v\u0131, Kimyasal, Konteyner, Ro-Ro gibi hemen her t\u00fcrl\u00fc y\u00fck\u00fcn elle\u00e7lenmesine y\u00f6nelik liman operasyonlar\u0131n\u0131n yan\u0131 s\u0131ra kruvaziyer operasyonlar\u0131yla, birlikte at\u0131k al\u0131m, at\u0131k i\u015fleme, yak\u0131t [&hellip;]<\/p>\n","protected":false},"author":2,"featured_media":0,"parent":0,"menu_order":0,"comment_status":"closed","ping_status":"closed","template":"","meta":{"footnotes":""},"class_list":["post-5775","page","type-page","status-publish","hentry"],"_links":{"self":[{"href":"https:\/\/www.portofcanakkale.com\/tr\/wp-json\/wp\/v2\/pages\/5775","targetHints":{"allow":["GET"]}}],"collection":[{"href":"https:\/\/www.portofcanakkale.com\/tr\/wp-json\/wp\/v2\/pages"}],"about":[{"href":"https:\/\/www.portofcanakkale.com\/tr\/wp-json\/wp\/v2\/types\/page"}],"author":[{"embeddable":true,"href":"https:\/\/www.portofcanakkale.com\/tr\/wp-json\/wp\/v2\/users\/2"}],"replies":[{"embeddable":true,"href":"https:\/\/www.portofcanakkale.com\/tr\/wp-json\/wp\/v2\/comments?post=5775"}],"version-history":[{"count":9,"href":"https:\/\/www.portofcanakkale.com\/tr\/wp-json\/wp\/v2\/pages\/5775\/revisions"}],"predecessor-version":[{"id":6197,"href":"https:\/\/www.portofcanakkale.com\/tr\/wp-json\/wp\/v2\/pages\/5775\/revisions\/6197"}],"wp:attachment":[{"href":"https:\/\/www.portofcanakkale.com\/tr\/wp-json\/wp\/v2\/media?parent=5775"}],"curies":[{"name":"wp","href":"https:\/\/api.w.org\/{rel}","templated":true}]}}