{"id":5195,"date":"2021-02-01T11:01:47","date_gmt":"2021-02-01T08:01:47","guid":{"rendered":"https:\/\/www.portofcanakkale.com\/?page_id=5195"},"modified":"2024-03-15T14:38:12","modified_gmt":"2024-03-15T11:38:12","slug":"ship_kepez","status":"publish","type":"page","link":"https:\/\/www.portofcanakkale.com\/tr\/ship_kepez\/","title":{"rendered":"Kepez Bot"},"content":{"rendered":"<div class=\"wpb-content-wrapper\"><p>[vc_row][vc_column width=&#8221;1\/2&#8243;][vc_single_image img_size=&#8221;full&#8221; alignment=&#8221;center&#8221;][\/vc_column][vc_column width=&#8221;1\/2&#8243;][vc_column_text]<\/p>\n<table class=\"table-sm table-bordered\" style=\"width: 100%;\">\n<tbody>\n<tr>\n<th style=\"padding: 1px 10px !important;\" scope=\"row\">GEM\u0130 ADI<\/th>\n<td style=\"padding: 1px 10px !important;\">KEPEZ<\/td>\n<\/tr>\n<tr>\n<th style=\"padding: 1px 10px !important;\" scope=\"row\">SAH\u0130B\u0130<\/th>\n<td style=\"padding: 1px 10px !important;\">CLIAS<\/td>\n<\/tr>\n<tr>\n<th style=\"padding: 1px 10px !important;\" scope=\"row\">\u0130\u015eELTMEC\u0130S\u0130<\/th>\n<td style=\"padding: 1px 10px !important;\">CLIAS<\/td>\n<\/tr>\n<tr>\n<th style=\"padding: 1px 10px !important;\" scope=\"row\">YAZ MAKS\u0130MUM Y\u00dcKLEME<\/th>\n<td style=\"padding: 1px 10px !important;\">&#8211;<\/td>\n<\/tr>\n<tr>\n<th style=\"padding: 1px 10px !important;\" scope=\"row\">YAZ DRAFTI<\/th>\n<td style=\"padding: 1px 10px !important;\">2,30<\/td>\n<\/tr>\n<tr>\n<th style=\"padding: 1px 10px !important;\" scope=\"row\">BOY<\/th>\n<td style=\"padding: 1px 10px !important;\">14,70 m<\/td>\n<\/tr>\n<tr>\n<th style=\"padding: 1px 10px !important;\" scope=\"row\">EN<\/th>\n<td style=\"padding: 1px 10px !important;\">4,20 m<\/td>\n<\/tr>\n<tr>\n<th style=\"padding: 1px 10px !important;\" scope=\"row\">\u0130N\u015eAA YILI<\/th>\n<td style=\"padding: 1px 10px !important;\">1984<\/td>\n<\/tr>\n<tr>\n<th style=\"padding: 1px 10px !important;\" scope=\"row\">\u0130MO NUMARASI<\/th>\n<td style=\"padding: 1px 10px !important;\">&#8211;<\/td>\n<\/tr>\n<tr>\n<th style=\"padding: 1px 10px !important;\" scope=\"row\">KLAS KURULU\u015eU<\/th>\n<td style=\"padding: 1px 10px !important;\">&#8211;<\/td>\n<\/tr>\n<tr>\n<th style=\"padding: 1px 10px !important;\" scope=\"row\">GROS TONAJ<\/th>\n<td style=\"padding: 1px 10px !important;\">35,8<\/td>\n<\/tr>\n<tr>\n<th style=\"padding: 1px 10px !important;\" scope=\"row\">NET TONAJ<\/th>\n<td style=\"padding: 1px 10px !important;\">13,70<\/td>\n<\/tr>\n<tr>\n<th style=\"padding: 1px 10px !important;\" scope=\"row\">KAPLAMA<\/th>\n<td style=\"padding: 1px 10px !important;\">EPOKS\u0130<\/td>\n<\/tr>\n<tr>\n<th style=\"padding: 1px 10px !important;\" scope=\"row\">G\u00d6VDE<\/th>\n<td style=\"padding: 1px 10px !important;\">&#8211;<\/td>\n<\/tr>\n<tr>\n<th style=\"padding: 1px 10px !important;\" scope=\"row\">\u00c7A\u011eRI \u0130\u015eARET\u0130<\/th>\n<td style=\"padding: 1px 10px !important;\">TCA4875<\/td>\n<\/tr>\n<tr>\n<th style=\"padding: 1px 10px !important;\" scope=\"row\">S\u0130GORTA KURULU\u015eU<\/th>\n<td style=\"padding: 1px 10px !important;\">T\u00dcRK P &#038; I<\/td>\n<\/tr>\n<tr>\n<th style=\"padding: 1px 10px !important;\" scope=\"row\">ALIM ORANI<\/th>\n<td style=\"padding: 1px 10px !important;\">&#8211;<\/td>\n<\/tr>\n<\/tbody>\n<\/table>\n<p>[\/vc_column_text][\/vc_column][\/vc_row][vc_row][vc_column][vc_column_text]<\/p>\n<h3 style=\"text-align: center;\"><u>Resim Galerisi<\/u><\/h3>\n<p>[\/vc_column_text][vc_masonry_media_grid style=&#8221;lazy&#8221; items_per_page=&#8221;9&#8243; element_width=&#8221;3&#8243; grid_id=&#8221;vc_gid:1710486710304-98859e23-addc-1&#8243;][\/vc_column][\/vc_row]<\/p>\n<\/div>","protected":false},"excerpt":{"rendered":"<p>[vc_row][vc_column width=&#8221;1\/2&#8243;][vc_single_image img_size=&#8221;full&#8221; alignment=&#8221;center&#8221;][\/vc_column][vc_column width=&#8221;1\/2&#8243;][vc_column_text] GEM\u0130 ADI KEPEZ SAH\u0130B\u0130 CLIAS \u0130\u015eELTMEC\u0130S\u0130 CLIAS YAZ MAKS\u0130MUM Y\u00dcKLEME &#8211; YAZ DRAFTI 2,30 BOY 14,70 m EN 4,20 m \u0130N\u015eAA YILI 1984 \u0130MO NUMARASI &#8211; KLAS KURULU\u015eU &#8211; GROS TONAJ 35,8 NET TONAJ 13,70 KAPLAMA EPOKS\u0130 G\u00d6VDE &#8211; \u00c7A\u011eRI \u0130\u015eARET\u0130 TCA4875 S\u0130GORTA KURULU\u015eU T\u00dcRK P &#038; I ALIM ORANI [&hellip;]<\/p>\n","protected":false},"author":2,"featured_media":0,"parent":0,"menu_order":0,"comment_status":"closed","ping_status":"closed","template":"","meta":{"footnotes":""},"class_list":["post-5195","page","type-page","status-publish","hentry"],"_links":{"self":[{"href":"https:\/\/www.portofcanakkale.com\/tr\/wp-json\/wp\/v2\/pages\/5195","targetHints":{"allow":["GET"]}}],"collection":[{"href":"https:\/\/www.portofcanakkale.com\/tr\/wp-json\/wp\/v2\/pages"}],"about":[{"href":"https:\/\/www.portofcanakkale.com\/tr\/wp-json\/wp\/v2\/types\/page"}],"author":[{"embeddable":true,"href":"https:\/\/www.portofcanakkale.com\/tr\/wp-json\/wp\/v2\/users\/2"}],"replies":[{"embeddable":true,"href":"https:\/\/www.portofcanakkale.com\/tr\/wp-json\/wp\/v2\/comments?post=5195"}],"version-history":[{"count":8,"href":"https:\/\/www.portofcanakkale.com\/tr\/wp-json\/wp\/v2\/pages\/5195\/revisions"}],"predecessor-version":[{"id":5599,"href":"https:\/\/www.portofcanakkale.com\/tr\/wp-json\/wp\/v2\/pages\/5195\/revisions\/5599"}],"wp:attachment":[{"href":"https:\/\/www.portofcanakkale.com\/tr\/wp-json\/wp\/v2\/media?parent=5195"}],"curies":[{"name":"wp","href":"https:\/\/api.w.org\/{rel}","templated":true}]}}