{"id":5193,"date":"2021-02-01T10:54:45","date_gmt":"2021-02-01T07:54:45","guid":{"rendered":"https:\/\/www.portofcanakkale.com\/?page_id=5193"},"modified":"2024-03-15T14:34:36","modified_gmt":"2024-03-15T11:34:36","slug":"ship_kolin_9","status":"publish","type":"page","link":"https:\/\/www.portofcanakkale.com\/tr\/ship_kolin_9\/","title":{"rendered":"Kolin &#8211; 9"},"content":{"rendered":"<div class=\"wpb-content-wrapper\"><p>[vc_row][vc_column width=&#8221;1\/2&#8243;][link_button title=&#8221;Go back&#8221; icon=&#8221;fas fa-arrow-alt-circle-left&#8221; style=&#8221;square&#8221; size=&#8221;large&#8221; link=&#8221;url:https%3A%2F%2Fwww.portofcanakkale.com%2Fship-management%2F|title:SHIP%20MANAGEMENT&#8221;][vc_single_image img_size=&#8221;full&#8221; alignment=&#8221;center&#8221;][\/vc_column][vc_column width=&#8221;1\/2&#8243;][vc_column_text]<\/p>\n<table class=\"table-sm table-bordered\" style=\"width: 100%;\">\n<tbody>\n<tr>\n<th style=\"padding: 1px 10px !important;\" scope=\"row\">GEM\u0130 ADI<\/th>\n<td style=\"padding: 1px 10px !important;\">KOLIN 9<\/td>\n<\/tr>\n<tr>\n<th style=\"padding: 1px 10px !important;\" scope=\"row\">SAH\u0130B\u0130<\/th>\n<td style=\"padding: 1px 10px !important;\">CLIAS<\/td>\n<\/tr>\n<tr>\n<th style=\"padding: 1px 10px !important;\" scope=\"row\">\u0130\u015eLETMEC\u0130S\u0130<\/th>\n<td style=\"padding: 1px 10px !important;\">CLIAS<\/td>\n<\/tr>\n<tr>\n<th style=\"padding: 1px 10px !important;\" scope=\"row\">YAZ MAKS\u0130MUM Y\u00dcKLEME<\/th>\n<td style=\"padding: 1px 10px !important;\">7.119<\/td>\n<\/tr>\n<tr>\n<th style=\"padding: 1px 10px !important;\" scope=\"row\">YAZ DRAFTI<\/th>\n<td style=\"padding: 1px 10px !important;\">9<\/td>\n<\/tr>\n<tr>\n<th style=\"padding: 1px 10px !important;\" scope=\"row\">BOY<\/th>\n<td style=\"padding: 1px 10px !important;\">118 m<\/td>\n<\/tr>\n<tr>\n<th style=\"padding: 1px 10px !important;\" scope=\"row\">EN<\/th>\n<td style=\"padding: 1px 10px !important;\">17,6 m<\/td>\n<\/tr>\n<tr>\n<th style=\"padding: 1px 10px !important;\" scope=\"row\">\u0130N\u015eAA YILI<\/th>\n<td style=\"padding: 1px 10px !important;\">2008<\/td>\n<\/tr>\n<tr>\n<th style=\"padding: 1px 10px !important;\" scope=\"row\">\u0130MO NUMARASI<\/th>\n<td style=\"padding: 1px 10px !important;\">9477177<\/td>\n<\/tr>\n<tr>\n<th style=\"padding: 1px 10px !important;\" scope=\"row\">KLAS KURULU\u015eU<\/th>\n<td style=\"padding: 1px 10px !important;\">LR<\/td>\n<\/tr>\n<tr>\n<th style=\"padding: 1px 10px !important;\" scope=\"row\">GROS TONAJ<\/th>\n<td style=\"padding: 1px 10px !important;\">5.036<\/td>\n<\/tr>\n<tr>\n<th style=\"padding: 1px 10px !important;\" scope=\"row\">NET TONAJ<\/th>\n<td style=\"padding: 1px 10px !important;\">2.272<\/td>\n<\/tr>\n<tr>\n<th style=\"padding: 1px 10px !important;\" scope=\"row\">KAPLAMA<\/th>\n<td style=\"padding: 1px 10px !important;\">EPOKS\u0130<\/td>\n<\/tr>\n<tr>\n<th style=\"padding: 1px 10px !important;\" scope=\"row\">G\u00d6VDE<\/th>\n<td style=\"padding: 1px 10px !important;\">\u00c7\u0130FT TABAN<\/td>\n<\/tr>\n<tr>\n<th style=\"padding: 1px 10px !important;\" scope=\"row\">\u00c7A\u011eRI \u0130\u015eARET\u0130<\/th>\n<td style=\"padding: 1px 10px !important;\">TCA6128<\/td>\n<\/tr>\n<tr>\n<th style=\"padding: 1px 10px !important;\" scope=\"row\">S\u0130GORTA KURULU\u015eU<\/th>\n<td style=\"padding: 1px 10px !important;\">T\u00dcRK P &#038; I<\/td>\n<\/tr>\n<tr>\n<th style=\"padding: 1px 10px !important;\" scope=\"row\">ALIM ORANI<\/th>\n<td style=\"padding: 1px 10px !important;\">&#8211;<\/td>\n<\/tr>\n<\/tbody>\n<\/table>\n<p>[\/vc_column_text][\/vc_column][\/vc_row][vc_row][vc_column][vc_column_text]<\/p>\n<h3 style=\"text-align: center;\"><u>Resim Galerisi<\/u><\/h3>\n<p>[\/vc_column_text][vc_masonry_media_grid style=&#8221;lazy&#8221; items_per_page=&#8221;9&#8243; element_width=&#8221;3&#8243; grid_id=&#8221;vc_gid:1710502435787-6d9e6f02-77b5-0&#8243;][\/vc_column][\/vc_row]<\/p>\n<\/div>","protected":false},"excerpt":{"rendered":"<p>[vc_row][vc_column width=&#8221;1\/2&#8243;][link_button title=&#8221;Go back&#8221; icon=&#8221;fas fa-arrow-alt-circle-left&#8221; style=&#8221;square&#8221; size=&#8221;large&#8221; link=&#8221;url:https%3A%2F%2Fwww.portofcanakkale.com%2Fship-management%2F|title:SHIP%20MANAGEMENT&#8221;][vc_single_image img_size=&#8221;full&#8221; alignment=&#8221;center&#8221;][\/vc_column][vc_column width=&#8221;1\/2&#8243;][vc_column_text] GEM\u0130 ADI KOLIN 9 SAH\u0130B\u0130 CLIAS \u0130\u015eLETMEC\u0130S\u0130 CLIAS YAZ MAKS\u0130MUM Y\u00dcKLEME 7.119 YAZ DRAFTI 9 BOY 118 m EN 17,6 m \u0130N\u015eAA YILI 2008 \u0130MO NUMARASI 9477177 KLAS KURULU\u015eU LR GROS TONAJ 5.036 NET TONAJ 2.272 KAPLAMA EPOKS\u0130 G\u00d6VDE \u00c7\u0130FT TABAN \u00c7A\u011eRI \u0130\u015eARET\u0130 [&hellip;]<\/p>\n","protected":false},"author":2,"featured_media":0,"parent":0,"menu_order":0,"comment_status":"closed","ping_status":"closed","template":"","meta":{"footnotes":""},"class_list":["post-5193","page","type-page","status-publish","hentry"],"_links":{"self":[{"href":"https:\/\/www.portofcanakkale.com\/tr\/wp-json\/wp\/v2\/pages\/5193","targetHints":{"allow":["GET"]}}],"collection":[{"href":"https:\/\/www.portofcanakkale.com\/tr\/wp-json\/wp\/v2\/pages"}],"about":[{"href":"https:\/\/www.portofcanakkale.com\/tr\/wp-json\/wp\/v2\/types\/page"}],"author":[{"embeddable":true,"href":"https:\/\/www.portofcanakkale.com\/tr\/wp-json\/wp\/v2\/users\/2"}],"replies":[{"embeddable":true,"href":"https:\/\/www.portofcanakkale.com\/tr\/wp-json\/wp\/v2\/comments?post=5193"}],"version-history":[{"count":6,"href":"https:\/\/www.portofcanakkale.com\/tr\/wp-json\/wp\/v2\/pages\/5193\/revisions"}],"predecessor-version":[{"id":5591,"href":"https:\/\/www.portofcanakkale.com\/tr\/wp-json\/wp\/v2\/pages\/5193\/revisions\/5591"}],"wp:attachment":[{"href":"https:\/\/www.portofcanakkale.com\/tr\/wp-json\/wp\/v2\/media?parent=5193"}],"curies":[{"name":"wp","href":"https:\/\/api.w.org\/{rel}","templated":true}]}}