{"id":5173,"date":"2021-02-01T10:25:35","date_gmt":"2021-02-01T07:25:35","guid":{"rendered":"https:\/\/www.portofcanakkale.com\/?page_id=5173"},"modified":"2024-03-15T14:36:35","modified_gmt":"2024-03-15T11:36:35","slug":"ship_kolin_4","status":"publish","type":"page","link":"https:\/\/www.portofcanakkale.com\/tr\/ship_kolin_4\/","title":{"rendered":"Kolin &#8211; 4"},"content":{"rendered":"<div class=\"wpb-content-wrapper\"><p>[vc_row][vc_column width=&#8221;1\/2&#8243;][link_button title=&#8221;Go back&#8221; icon=&#8221;fas fa-arrow-alt-circle-left&#8221; style=&#8221;square&#8221; size=&#8221;large&#8221; link=&#8221;url:https%3A%2F%2Fwww.portofcanakkale.com%2Fship-management%2F|title:SHIP%20MANAGEMENT&#8221;][vc_single_image image=&#8221;5175&#8243; img_size=&#8221;full&#8221; alignment=&#8221;center&#8221;][\/vc_column][vc_column width=&#8221;1\/2&#8243;][vc_column_text]<\/p>\n<table class=\"table-sm table-bordered\" style=\"width: 100%;\">\n<tbody>\n<tr>\n<th style=\"padding: 1px 10px !important;\" scope=\"row\">GEM\u0130 ADI<\/th>\n<td style=\"padding: 1px 10px !important;\">KOLIN 4<\/td>\n<\/tr>\n<tr>\n<th style=\"padding: 1px 10px !important;\" scope=\"row\">SAH\u0130B\u0130<\/th>\n<td style=\"padding: 1px 10px !important;\">CLIAS<\/td>\n<\/tr>\n<tr>\n<th style=\"padding: 1px 10px !important;\" scope=\"row\">\u0130\u015eLETMEC\u0130S\u0130<\/th>\n<td style=\"padding: 1px 10px !important;\">CLIAS<\/td>\n<\/tr>\n<tr>\n<th style=\"padding: 1px 10px !important;\" scope=\"row\">YAZ MAKS\u0130MUM Y\u00dcKLEME<\/th>\n<td style=\"padding: 1px 10px !important;\">1.432<\/td>\n<\/tr>\n<tr>\n<th style=\"padding: 1px 10px !important;\" scope=\"row\">YAZ DRAFTI<\/th>\n<td style=\"padding: 1px 10px !important;\">5,15<\/td>\n<\/tr>\n<tr>\n<th style=\"padding: 1px 10px !important;\" scope=\"row\">BOY<\/th>\n<td style=\"padding: 1px 10px !important;\">68,95 m<\/td>\n<\/tr>\n<tr>\n<th style=\"padding: 1px 10px !important;\" scope=\"row\">EN<\/th>\n<td style=\"padding: 1px 10px !important;\">11 m<\/td>\n<\/tr>\n<tr>\n<th style=\"padding: 1px 10px !important;\" scope=\"row\">\u0130N\u015eAA YILI<\/th>\n<td style=\"padding: 1px 10px !important;\">1987<\/td>\n<\/tr>\n<tr>\n<th style=\"padding: 1px 10px !important;\" scope=\"row\">\u0130MO NUMARASI<\/th>\n<td style=\"padding: 1px 10px !important;\">8619297<\/td>\n<\/tr>\n<tr>\n<th style=\"padding: 1px 10px !important;\" scope=\"row\">KLAS KURULU\u015eU<\/th>\n<td style=\"padding: 1px 10px !important;\">TL<\/td>\n<\/tr>\n<tr>\n<th style=\"padding: 1px 10px !important;\" scope=\"row\">GROS TONAJ<\/th>\n<td style=\"padding: 1px 10px !important;\">992<\/td>\n<\/tr>\n<tr>\n<th style=\"padding: 1px 10px !important;\" scope=\"row\">NET TONAJ<\/th>\n<td style=\"padding: 1px 10px !important;\">353<\/td>\n<\/tr>\n<tr>\n<th style=\"padding: 1px 10px !important;\" scope=\"row\">KAPLAMA<\/th>\n<td style=\"padding: 1px 10px !important;\">EPOKS\u0130<\/td>\n<\/tr>\n<tr>\n<th style=\"padding: 1px 10px !important;\" scope=\"row\">G\u00d6VDE<\/th>\n<td style=\"padding: 1px 10px !important;\">\u00c7\u0130FT TABAN<\/td>\n<\/tr>\n<tr>\n<th style=\"padding: 1px 10px !important;\" scope=\"row\">\u00c7A\u011eRI \u0130\u015eARET\u0130<\/th>\n<td style=\"padding: 1px 10px !important;\">TCWG4<\/td>\n<\/tr>\n<tr>\n<th style=\"padding: 1px 10px !important;\" scope=\"row\">S\u0130GORTA KURULU\u015eU<\/th>\n<td style=\"padding: 1px 10px !important;\">T\u00dcRK P &#038; I<\/td>\n<\/tr>\n<tr>\n<th style=\"padding: 1px 10px !important;\" scope=\"row\">ALIM ORANI<\/th>\n<td style=\"padding: 1px 10px !important;\">&#8211;<\/td>\n<\/tr>\n<\/tbody>\n<\/table>\n<p>[\/vc_column_text][\/vc_column][\/vc_row][vc_row][vc_column][vc_column_text]<\/p>\n<h3 style=\"text-align: center;\"><u>Resim Galerisi<\/u><\/h3>\n<p>[\/vc_column_text][vc_masonry_media_grid style=&#8221;lazy&#8221; items_per_page=&#8221;9&#8243; element_width=&#8221;3&#8243; grid_id=&#8221;vc_gid:1710502586978-45ef7c85-86c1-4&#8243; include=&#8221;5176&#8243;][\/vc_column][\/vc_row]<\/p>\n<\/div>","protected":false},"excerpt":{"rendered":"<p>[vc_row][vc_column width=&#8221;1\/2&#8243;][link_button title=&#8221;Go back&#8221; icon=&#8221;fas fa-arrow-alt-circle-left&#8221; style=&#8221;square&#8221; size=&#8221;large&#8221; link=&#8221;url:https%3A%2F%2Fwww.portofcanakkale.com%2Fship-management%2F|title:SHIP%20MANAGEMENT&#8221;][vc_single_image image=&#8221;5175&#8243; img_size=&#8221;full&#8221; alignment=&#8221;center&#8221;][\/vc_column][vc_column width=&#8221;1\/2&#8243;][vc_column_text] GEM\u0130 ADI KOLIN 4 SAH\u0130B\u0130 CLIAS \u0130\u015eLETMEC\u0130S\u0130 CLIAS YAZ MAKS\u0130MUM Y\u00dcKLEME 1.432 YAZ DRAFTI 5,15 BOY 68,95 m EN 11 m \u0130N\u015eAA YILI 1987 \u0130MO NUMARASI 8619297 KLAS KURULU\u015eU TL GROS TONAJ 992 NET TONAJ 353 KAPLAMA EPOKS\u0130 G\u00d6VDE \u00c7\u0130FT TABAN \u00c7A\u011eRI [&hellip;]<\/p>\n","protected":false},"author":2,"featured_media":0,"parent":0,"menu_order":0,"comment_status":"closed","ping_status":"closed","template":"","meta":{"footnotes":""},"class_list":["post-5173","page","type-page","status-publish","hentry"],"_links":{"self":[{"href":"https:\/\/www.portofcanakkale.com\/tr\/wp-json\/wp\/v2\/pages\/5173","targetHints":{"allow":["GET"]}}],"collection":[{"href":"https:\/\/www.portofcanakkale.com\/tr\/wp-json\/wp\/v2\/pages"}],"about":[{"href":"https:\/\/www.portofcanakkale.com\/tr\/wp-json\/wp\/v2\/types\/page"}],"author":[{"embeddable":true,"href":"https:\/\/www.portofcanakkale.com\/tr\/wp-json\/wp\/v2\/users\/2"}],"replies":[{"embeddable":true,"href":"https:\/\/www.portofcanakkale.com\/tr\/wp-json\/wp\/v2\/comments?post=5173"}],"version-history":[{"count":8,"href":"https:\/\/www.portofcanakkale.com\/tr\/wp-json\/wp\/v2\/pages\/5173\/revisions"}],"predecessor-version":[{"id":5595,"href":"https:\/\/www.portofcanakkale.com\/tr\/wp-json\/wp\/v2\/pages\/5173\/revisions\/5595"}],"wp:attachment":[{"href":"https:\/\/www.portofcanakkale.com\/tr\/wp-json\/wp\/v2\/media?parent=5173"}],"curies":[{"name":"wp","href":"https:\/\/api.w.org\/{rel}","templated":true}]}}