{"id":5070,"date":"2021-01-18T16:04:27","date_gmt":"2021-01-18T13:04:27","guid":{"rendered":"https:\/\/www.portofcanakkale.com\/?page_id=5070"},"modified":"2024-03-15T14:38:02","modified_gmt":"2024-03-15T11:38:02","slug":"ship_kolin_1","status":"publish","type":"page","link":"https:\/\/www.portofcanakkale.com\/tr\/ship_kolin_1\/","title":{"rendered":"Kolin &#8211; 1"},"content":{"rendered":"<div class=\"wpb-content-wrapper\"><p>[vc_row][vc_column width=&#8221;1\/2&#8243;][link_button title=&#8221;Go back&#8221; icon=&#8221;fas fa-arrow-alt-circle-left&#8221; style=&#8221;square&#8221; size=&#8221;large&#8221; link=&#8221;url:https%3A%2F%2Fwww.portofcanakkale.com%2Fship-management%2F|title:SHIP%20MANAGEMENT&#8221;][vc_single_image img_size=&#8221;full&#8221; alignment=&#8221;center&#8221;][\/vc_column][vc_column width=&#8221;1\/2&#8243;][vc_column_text]<\/p>\n<table class=\"table\">\n<tbody>\n<tr>\n<th scope=\"row\">GEM\u0130 ADI<\/th>\n<td>KOLIN 1<\/td>\n<\/tr>\n<tr>\n<th scope=\"row\">SAH\u0130B\u0130<\/th>\n<td>CLIAS<\/td>\n<\/tr>\n<tr>\n<th scope=\"row\">\u0130\u015eLETMEC\u0130S\u0130<\/th>\n<td>CLIAS<\/td>\n<\/tr>\n<tr>\n<th scope=\"row\">YAZ MAKS\u0130MUM Y\u00dcKLEME<\/th>\n<td>&#8211;<\/td>\n<\/tr>\n<tr>\n<th scope=\"row\">YAZ DRAFTI<\/th>\n<td>1,60<\/td>\n<\/tr>\n<tr>\n<th scope=\"row\">BOY<\/th>\n<td>9,95 m<\/td>\n<\/tr>\n<tr>\n<th scope=\"row\">EN<\/th>\n<td>3,10 m<\/td>\n<\/tr>\n<tr>\n<th scope=\"row\">\u0130N\u015eAA YILI<\/th>\n<td>2006<\/td>\n<\/tr>\n<tr>\n<th scope=\"row\">\u0130MO NUMARASI<\/th>\n<td>&#8211;<\/td>\n<\/tr>\n<tr>\n<th scope=\"row\">KLAS KURULU\u015eU<\/th>\n<td>&#8211;<\/td>\n<\/tr>\n<tr>\n<th scope=\"row\">GROS TONAJ<\/th>\n<td>7,36<\/td>\n<\/tr>\n<tr>\n<th scope=\"row\">NET TONAJ<\/th>\n<td>4,34<\/td>\n<\/tr>\n<tr>\n<th scope=\"row\">KAPLAMA<\/th>\n<td>EPOKS\u0130<\/td>\n<\/tr>\n<tr>\n<th scope=\"row\">G\u00d6VDE<\/th>\n<td>&#8211;<\/td>\n<\/tr>\n<tr>\n<th scope=\"row\">\u00c7A\u011eRI \u0130\u015eARET\u0130<\/th>\n<td>&#8211;<\/td>\n<\/tr>\n<tr>\n<th scope=\"row\">S\u0130GORTA KURULU\u015eU<\/th>\n<td>T\u00dcRK P &#038; I<\/td>\n<\/tr>\n<tr>\n<th scope=\"row\">ALIM ORANI<\/th>\n<td>&#8211;<\/td>\n<\/tr>\n<\/tbody>\n<\/table>\n<p>[\/vc_column_text][\/vc_column][\/vc_row][vc_row][vc_column][vc_column_text]<\/p>\n<h3 style=\"text-align: center;\"><u>Resim Galerisi<\/u><\/h3>\n<p>[\/vc_column_text][vc_masonry_media_grid style=&#8221;lazy&#8221; items_per_page=&#8221;9&#8243; element_width=&#8221;3&#8243; grid_id=&#8221;vc_gid:1710502673494-b2057f2d-c966-6&#8243; include=&#8221;4969,4970,4971,4972&#8243;][\/vc_column][\/vc_row]<\/p>\n<\/div>","protected":false},"excerpt":{"rendered":"<p>[vc_row][vc_column width=&#8221;1\/2&#8243;][link_button title=&#8221;Go back&#8221; icon=&#8221;fas fa-arrow-alt-circle-left&#8221; style=&#8221;square&#8221; size=&#8221;large&#8221; link=&#8221;url:https%3A%2F%2Fwww.portofcanakkale.com%2Fship-management%2F|title:SHIP%20MANAGEMENT&#8221;][vc_single_image img_size=&#8221;full&#8221; alignment=&#8221;center&#8221;][\/vc_column][vc_column width=&#8221;1\/2&#8243;][vc_column_text] GEM\u0130 ADI KOLIN 1 SAH\u0130B\u0130 CLIAS \u0130\u015eLETMEC\u0130S\u0130 CLIAS YAZ MAKS\u0130MUM Y\u00dcKLEME &#8211; YAZ DRAFTI 1,60 BOY 9,95 m EN 3,10 m \u0130N\u015eAA YILI 2006 \u0130MO NUMARASI &#8211; KLAS KURULU\u015eU &#8211; GROS TONAJ 7,36 NET TONAJ 4,34 KAPLAMA EPOKS\u0130 G\u00d6VDE &#8211; \u00c7A\u011eRI \u0130\u015eARET\u0130 &#8211; [&hellip;]<\/p>\n","protected":false},"author":2,"featured_media":0,"parent":0,"menu_order":0,"comment_status":"closed","ping_status":"closed","template":"","meta":{"footnotes":""},"class_list":["post-5070","page","type-page","status-publish","hentry"],"_links":{"self":[{"href":"https:\/\/www.portofcanakkale.com\/tr\/wp-json\/wp\/v2\/pages\/5070","targetHints":{"allow":["GET"]}}],"collection":[{"href":"https:\/\/www.portofcanakkale.com\/tr\/wp-json\/wp\/v2\/pages"}],"about":[{"href":"https:\/\/www.portofcanakkale.com\/tr\/wp-json\/wp\/v2\/types\/page"}],"author":[{"embeddable":true,"href":"https:\/\/www.portofcanakkale.com\/tr\/wp-json\/wp\/v2\/users\/2"}],"replies":[{"embeddable":true,"href":"https:\/\/www.portofcanakkale.com\/tr\/wp-json\/wp\/v2\/comments?post=5070"}],"version-history":[{"count":13,"href":"https:\/\/www.portofcanakkale.com\/tr\/wp-json\/wp\/v2\/pages\/5070\/revisions"}],"predecessor-version":[{"id":5598,"href":"https:\/\/www.portofcanakkale.com\/tr\/wp-json\/wp\/v2\/pages\/5070\/revisions\/5598"}],"wp:attachment":[{"href":"https:\/\/www.portofcanakkale.com\/tr\/wp-json\/wp\/v2\/media?parent=5070"}],"curies":[{"name":"wp","href":"https:\/\/api.w.org\/{rel}","templated":true}]}}