{"id":4959,"date":"2020-05-13T23:58:41","date_gmt":"2020-05-13T20:58:41","guid":{"rendered":"https:\/\/www.portofcanakkale.com\/?page_id=4959"},"modified":"2024-03-15T14:37:41","modified_gmt":"2024-03-15T11:37:41","slug":"ship_kolin_2","status":"publish","type":"page","link":"https:\/\/www.portofcanakkale.com\/tr\/ship_kolin_2\/","title":{"rendered":"Kolin &#8211; 2"},"content":{"rendered":"<div class=\"wpb-content-wrapper\"><p>[vc_row][vc_column width=&#8221;1\/2&#8243;][link_button title=&#8221;Go back&#8221; icon=&#8221;fas fa-arrow-alt-circle-left&#8221; style=&#8221;square&#8221; size=&#8221;large&#8221; link=&#8221;url:https%3A%2F%2Fwww.portofcanakkale.com%2Fship-management%2F|title:SHIP%20MANAGEMENT&#8221;][vc_single_image image=&#8221;4960&#8243; img_size=&#8221;full&#8221; alignment=&#8221;center&#8221;][\/vc_column][vc_column width=&#8221;1\/2&#8243;][vc_column_text]<\/p>\n<table class=\"table-sm table-bordered\" style=\"width: 100%;\">\n<tbody>\n<tr>\n<th style=\"padding: 1px 10px !important;\" scope=\"row\">GEM\u0130 ADI<\/th>\n<td style=\"padding: 1px 10px !important;\">KOLIN 2<\/td>\n<\/tr>\n<tr>\n<th style=\"padding: 1px 10px !important;\" scope=\"row\">SAH\u0130B\u0130<\/th>\n<td style=\"padding: 1px 10px !important;\">CLIAS<\/td>\n<\/tr>\n<tr>\n<th style=\"padding: 1px 10px !important;\" scope=\"row\">\u0130\u015eLETMEC\u0130S\u0130<\/th>\n<td style=\"padding: 1px 10px !important;\">CLIAS<\/td>\n<\/tr>\n<tr>\n<th style=\"padding: 1px 10px !important;\" scope=\"row\">YAZ MAKS\u0130MUM Y\u00dcKLEME<\/th>\n<td style=\"padding: 1px 10px !important;\">1.854<\/td>\n<\/tr>\n<tr>\n<th style=\"padding: 1px 10px !important;\" scope=\"row\">YAZ DRAFTI<\/th>\n<td style=\"padding: 1px 10px !important;\">5<\/td>\n<\/tr>\n<tr>\n<th style=\"padding: 1px 10px !important;\" scope=\"row\">BOY<\/th>\n<td style=\"padding: 1px 10px !important;\">77,35 m<\/td>\n<\/tr>\n<tr>\n<th style=\"padding: 1px 10px !important;\" scope=\"row\">EN<\/th>\n<td style=\"padding: 1px 10px !important;\">11,29 m<\/td>\n<\/tr>\n<tr>\n<th style=\"padding: 1px 10px !important;\" scope=\"row\">\u0130N\u015eAA YILI<\/th>\n<td style=\"padding: 1px 10px !important;\">1983<\/td>\n<\/tr>\n<tr>\n<th style=\"padding: 1px 10px !important;\" scope=\"row\">\u0130MO NUMARASI<\/th>\n<td style=\"padding: 1px 10px !important;\">8622517<\/td>\n<\/tr>\n<tr>\n<th style=\"padding: 1px 10px !important;\" scope=\"row\">KLAS KURULU\u015eU<\/th>\n<td style=\"padding: 1px 10px !important;\">T\u00dcRK LOYDU<\/td>\n<\/tr>\n<tr>\n<th style=\"padding: 1px 10px !important;\" scope=\"row\">GROS TONAJ<\/th>\n<td style=\"padding: 1px 10px !important;\">867<\/td>\n<\/tr>\n<tr>\n<th style=\"padding: 1px 10px !important;\" scope=\"row\">NET TONAJ<\/th>\n<td style=\"padding: 1px 10px !important;\">581<\/td>\n<\/tr>\n<tr>\n<th style=\"padding: 1px 10px !important;\" scope=\"row\">KAPLAMA<\/th>\n<td style=\"padding: 1px 10px !important;\">EPOKS\u0130<\/td>\n<\/tr>\n<tr>\n<th style=\"padding: 1px 10px !important;\" scope=\"row\">G\u00d6VDE<\/th>\n<td style=\"padding: 1px 10px !important;\">TEK G\u00d6VDE \u00c7\u0130FT TABAN<\/td>\n<\/tr>\n<tr>\n<th style=\"padding: 1px 10px !important;\" scope=\"row\">\u00c7A\u011eRI \u0130\u015eARET\u0130<\/th>\n<td style=\"padding: 1px 10px !important;\">TCUI4<\/td>\n<\/tr>\n<tr>\n<th style=\"padding: 1px 10px !important;\" scope=\"row\">S\u0130GORTA KURULU\u015eU<\/th>\n<td style=\"padding: 1px 10px !important;\">T\u00dcRK P &#038; I<\/td>\n<\/tr>\n<tr>\n<th style=\"padding: 1px 10px !important;\" scope=\"row\">ALIM ORANI<\/th>\n<td style=\"padding: 1px 10px !important;\">SAATTE 500.000 CBM&#8217;YE KADAR<\/td>\n<\/tr>\n<\/tbody>\n<\/table>\n<p>[\/vc_column_text][\/vc_column][\/vc_row][vc_row][vc_column][vc_column_text]<\/p>\n<h3 style=\"text-align: center;\"><u>Resim Galerisi<\/u><\/h3>\n<p>[\/vc_column_text][vc_masonry_media_grid style=&#8221;lazy&#8221; items_per_page=&#8221;9&#8243; element_width=&#8221;3&#8243; grid_id=&#8221;vc_gid:1710502652484-709b0b59-534b-7&#8243; include=&#8221;4969,4970,4971,4972&#8243;][\/vc_column][\/vc_row]<\/p>\n<\/div>","protected":false},"excerpt":{"rendered":"<p>[vc_row][vc_column width=&#8221;1\/2&#8243;][link_button title=&#8221;Go back&#8221; icon=&#8221;fas fa-arrow-alt-circle-left&#8221; style=&#8221;square&#8221; size=&#8221;large&#8221; link=&#8221;url:https%3A%2F%2Fwww.portofcanakkale.com%2Fship-management%2F|title:SHIP%20MANAGEMENT&#8221;][vc_single_image image=&#8221;4960&#8243; img_size=&#8221;full&#8221; alignment=&#8221;center&#8221;][\/vc_column][vc_column width=&#8221;1\/2&#8243;][vc_column_text] GEM\u0130 ADI KOLIN 2 SAH\u0130B\u0130 CLIAS \u0130\u015eLETMEC\u0130S\u0130 CLIAS YAZ MAKS\u0130MUM Y\u00dcKLEME 1.854 YAZ DRAFTI 5 BOY 77,35 m EN 11,29 m \u0130N\u015eAA YILI 1983 \u0130MO NUMARASI 8622517 KLAS KURULU\u015eU T\u00dcRK LOYDU GROS TONAJ 867 NET TONAJ 581 KAPLAMA EPOKS\u0130 G\u00d6VDE TEK G\u00d6VDE [&hellip;]<\/p>\n","protected":false},"author":2,"featured_media":0,"parent":0,"menu_order":0,"comment_status":"closed","ping_status":"closed","template":"","meta":{"footnotes":""},"class_list":["post-4959","page","type-page","status-publish","hentry"],"_links":{"self":[{"href":"https:\/\/www.portofcanakkale.com\/tr\/wp-json\/wp\/v2\/pages\/4959","targetHints":{"allow":["GET"]}}],"collection":[{"href":"https:\/\/www.portofcanakkale.com\/tr\/wp-json\/wp\/v2\/pages"}],"about":[{"href":"https:\/\/www.portofcanakkale.com\/tr\/wp-json\/wp\/v2\/types\/page"}],"author":[{"embeddable":true,"href":"https:\/\/www.portofcanakkale.com\/tr\/wp-json\/wp\/v2\/users\/2"}],"replies":[{"embeddable":true,"href":"https:\/\/www.portofcanakkale.com\/tr\/wp-json\/wp\/v2\/comments?post=4959"}],"version-history":[{"count":32,"href":"https:\/\/www.portofcanakkale.com\/tr\/wp-json\/wp\/v2\/pages\/4959\/revisions"}],"predecessor-version":[{"id":5597,"href":"https:\/\/www.portofcanakkale.com\/tr\/wp-json\/wp\/v2\/pages\/4959\/revisions\/5597"}],"wp:attachment":[{"href":"https:\/\/www.portofcanakkale.com\/tr\/wp-json\/wp\/v2\/media?parent=4959"}],"curies":[{"name":"wp","href":"https:\/\/api.w.org\/{rel}","templated":true}]}}