{"id":4865,"date":"2020-04-28T13:43:11","date_gmt":"2020-04-28T10:43:11","guid":{"rendered":"https:\/\/www.portofcanakkale.com\/?page_id=4865"},"modified":"2025-06-13T11:42:15","modified_gmt":"2025-06-13T08:42:15","slug":"gallery-port-reception-facility","status":"publish","type":"page","link":"https:\/\/www.portofcanakkale.com\/tr\/gallery-port-reception-facility\/","title":{"rendered":"L\u0130MAN ATIK KABUL TES\u0130S\u0130 (LAKT)"},"content":{"rendered":"<div class=\"wpb-content-wrapper\"><p>[vc_row][vc_column][vc_media_grid css=&#8221;&#8221; grid_id=&#8221;vc_gid:1748340624881-3030cbbb-41bf-1&#8243; include=&#8221;5000,4999,4998,4997,4995,4994,4992,4991,4989,4988,5001&#8243;][\/vc_column][\/vc_row]<\/p>\n<\/div>","protected":false},"excerpt":{"rendered":"<p>[vc_row][vc_column][vc_media_grid css=&#8221;&#8221; grid_id=&#8221;vc_gid:1748340624881-3030cbbb-41bf-1&#8243; include=&#8221;5000,4999,4998,4997,4995,4994,4992,4991,4989,4988,5001&#8243;][\/vc_column][\/vc_row]<\/p>\n","protected":false},"author":2,"featured_media":0,"parent":0,"menu_order":0,"comment_status":"closed","ping_status":"closed","template":"","meta":{"footnotes":""},"class_list":["post-4865","page","type-page","status-publish","hentry"],"_links":{"self":[{"href":"https:\/\/www.portofcanakkale.com\/tr\/wp-json\/wp\/v2\/pages\/4865","targetHints":{"allow":["GET"]}}],"collection":[{"href":"https:\/\/www.portofcanakkale.com\/tr\/wp-json\/wp\/v2\/pages"}],"about":[{"href":"https:\/\/www.portofcanakkale.com\/tr\/wp-json\/wp\/v2\/types\/page"}],"author":[{"embeddable":true,"href":"https:\/\/www.portofcanakkale.com\/tr\/wp-json\/wp\/v2\/users\/2"}],"replies":[{"embeddable":true,"href":"https:\/\/www.portofcanakkale.com\/tr\/wp-json\/wp\/v2\/comments?post=4865"}],"version-history":[{"count":15,"href":"https:\/\/www.portofcanakkale.com\/tr\/wp-json\/wp\/v2\/pages\/4865\/revisions"}],"predecessor-version":[{"id":6157,"href":"https:\/\/www.portofcanakkale.com\/tr\/wp-json\/wp\/v2\/pages\/4865\/revisions\/6157"}],"wp:attachment":[{"href":"https:\/\/www.portofcanakkale.com\/tr\/wp-json\/wp\/v2\/media?parent=4865"}],"curies":[{"name":"wp","href":"https:\/\/api.w.org\/{rel}","templated":true}]}}