{"id":4641,"date":"2020-04-22T21:46:22","date_gmt":"2020-04-22T18:46:22","guid":{"rendered":"http:\/\/portofcanakkale.com\/?page_id=4641"},"modified":"2025-06-13T11:10:18","modified_gmt":"2025-06-13T08:10:18","slug":"port-reception-facility-prf","status":"publish","type":"page","link":"https:\/\/www.portofcanakkale.com\/tr\/port-reception-facility-prf\/","title":{"rendered":"L\u0130MAN ATIK KABUL TES\u0130S\u0130 (LAKT)"},"content":{"rendered":"<div class=\"wpb-content-wrapper\"><p>[vc_row][vc_column][vc_column_text]<strong>Liman at\u0131k kabul tesisi lisansl\u0131 4 kamyon ve 8 tanker r\u00f6morktan olu\u015fan kara filosu ile hizmet vermektedir. Liman ayr\u0131ca iskelede kurulu expipe vas\u0131tas\u0131yla da at\u0131k alma kapasitesine sahiptir.<\/strong><\/p>\n<p><strong>Gemi kaynakl\u0131 at\u0131klar liman kabul tesisine al\u0131nd\u0131ktan sonra s\u0131ras\u0131yla susuzla\u015ft\u0131rma, dekantasyon, ayr\u0131\u015ft\u0131rma ve buharla\u015ft\u0131rma ad\u0131mlar\u0131 ile i\u015flenir. <\/strong><\/p>\n<p><strong>\u00c7\u0131kt\u0131 olarak elde edilen susuz slop, sintine, sla\u00e7, \u00a0at\u0131k ya\u011f ve at\u0131k-solvent i\u00e7 ve d\u0131\u015f lisansl\u0131 geri d\u00f6n\u00fc\u015f\u00fcm ve geri kazan\u0131m tesislerine g\u00f6nderilmektedir.<\/strong><\/p>\n<p><strong>Proses s\u00fcrecinde \u00e7\u0131kan at\u0131k su kimyasal ar\u0131tma prosesiyle ar\u0131t\u0131larak su kirlili\u011fi kontrol y\u00f6netmeli\u011fi (skky) ne g\u00f6re desarj edilmektedir.<\/strong><\/p>\n<p><strong>At\u0131k Al\u0131m Tesisi Depolama Br\u00fct Kapasitesi: 14360 m\u00b3 <\/strong><br \/>\n<strong>Toplam Tank Adedi: 12<\/strong><\/p>\n<p><strong>T\u00fcm a\u015famalar sa\u011flanarak SCADA sistemi sayesinde t\u00fcm operasyonel s\u00fcre\u00e7ler ger\u00e7ek zamanl\u0131 olarak dijital ortamda kontrol alt\u0131nda tutulmaktad\u0131r.<\/strong><\/p>\n<p><strong>Metrek\u00fcp ve tonaj baz\u0131nda kontrolleri yap\u0131lan at\u0131klar, GPS takip sistemine sahip lisansl\u0131 kara filosu ile, devlet taraf\u0131ndan uygulanan online takip a\u011f\u0131 ile de kontrol alt\u0131nda tutularak kullan\u0131laca\u011f\u0131 tesislere g\u00fcvenli bir \u015fekilde sevk edilmektedir. .<\/strong>[\/vc_column_text][vc_single_image image=&#8221;5820&#8243; img_size=&#8221;full&#8221;][\/vc_column][\/vc_row]<\/p>\n<\/div>","protected":false},"excerpt":{"rendered":"<p>[vc_row][vc_column][vc_column_text]Liman at\u0131k kabul tesisi lisansl\u0131 4 kamyon ve 8 tanker r\u00f6morktan olu\u015fan kara filosu ile hizmet vermektedir. Liman ayr\u0131ca iskelede kurulu expipe vas\u0131tas\u0131yla da at\u0131k alma kapasitesine sahiptir. Gemi kaynakl\u0131 at\u0131klar liman kabul tesisine al\u0131nd\u0131ktan sonra s\u0131ras\u0131yla susuzla\u015ft\u0131rma, dekantasyon, ayr\u0131\u015ft\u0131rma ve buharla\u015ft\u0131rma ad\u0131mlar\u0131 ile i\u015flenir. \u00c7\u0131kt\u0131 olarak elde edilen susuz slop, sintine, sla\u00e7, \u00a0at\u0131k ya\u011f [&hellip;]<\/p>\n","protected":false},"author":2,"featured_media":0,"parent":0,"menu_order":0,"comment_status":"closed","ping_status":"closed","template":"full-width.php","meta":{"footnotes":""},"class_list":["post-4641","page","type-page","status-publish","hentry"],"_links":{"self":[{"href":"https:\/\/www.portofcanakkale.com\/tr\/wp-json\/wp\/v2\/pages\/4641","targetHints":{"allow":["GET"]}}],"collection":[{"href":"https:\/\/www.portofcanakkale.com\/tr\/wp-json\/wp\/v2\/pages"}],"about":[{"href":"https:\/\/www.portofcanakkale.com\/tr\/wp-json\/wp\/v2\/types\/page"}],"author":[{"embeddable":true,"href":"https:\/\/www.portofcanakkale.com\/tr\/wp-json\/wp\/v2\/users\/2"}],"replies":[{"embeddable":true,"href":"https:\/\/www.portofcanakkale.com\/tr\/wp-json\/wp\/v2\/comments?post=4641"}],"version-history":[{"count":26,"href":"https:\/\/www.portofcanakkale.com\/tr\/wp-json\/wp\/v2\/pages\/4641\/revisions"}],"predecessor-version":[{"id":6135,"href":"https:\/\/www.portofcanakkale.com\/tr\/wp-json\/wp\/v2\/pages\/4641\/revisions\/6135"}],"wp:attachment":[{"href":"https:\/\/www.portofcanakkale.com\/tr\/wp-json\/wp\/v2\/media?parent=4641"}],"curies":[{"name":"wp","href":"https:\/\/api.w.org\/{rel}","templated":true}]}}