{"id":4481,"date":"2020-04-16T14:06:15","date_gmt":"2020-04-16T11:06:15","guid":{"rendered":"http:\/\/portofcanakkale.com\/?page_id=4481"},"modified":"2025-06-13T11:29:16","modified_gmt":"2025-06-13T08:29:16","slug":"ship-management","status":"publish","type":"page","link":"https:\/\/www.portofcanakkale.com\/tr\/ship-management\/","title":{"rendered":"GEM\u0130 Y\u00d6NET\u0130M\u0130"},"content":{"rendered":"<div class=\"wpb-content-wrapper\"><p>[vc_row][vc_column][vc_column_text]<strong>CLIAS\u2019\u0131n en b\u00fcy\u00fck g\u00fcc\u00fc, ofislerinde ve y\u00f6netilen gemilerde \u00e7al\u0131\u015fan personelidir. T\u00fcm ofis personelimiz denizde ve\/veya karada farkl\u0131 gemicilik \u015firketlerinde edinilmi\u015f denizcilik e\u011fitimi\/deneyimine sahiptir.<\/strong><\/p>\n<p><strong>2 adet bunker gemisi ve 4 adet tanker marpol servis gemisinin sahibi ve i\u015fletmecisiyiz. M\u00fc\u015fterilerimize r\u0131ht\u0131mdan gemiye ve gemiden gemiye ta\u015f\u0131mac\u0131l\u0131k hizmetleri sa\u011fl\u0131yoruz.<\/strong><\/p>\n<p><strong>Deneyimli ofis ve gemi m\u00fcrettebat\u0131m\u0131zla yeni ve mevcut m\u00fc\u015fterilerimize her zaman iyi hizmet vermeye haz\u0131r\u0131z.<\/strong><\/p>\n<p><strong>Gemi sahipli\u011fi ve gemi i\u015fletmecili\u011fi olarak k\u0131saca \u00f6zetlenebilecek bir dizi Denizcilik Hizmetleri sunmaktay\u0131z.<\/strong><\/p>\n<p><strong>Kendi y\u00f6netimimizdeki tonaj ve tonajlar\u0131m\u0131z\u0131n teknik ve i\u015fletme i\u015flerini y\u00fcksek vas\u0131fl\u0131 kadromuzla \u00fcstlenmekteyiz.<\/strong>[\/vc_column_text][vc_empty_space height=&#8221;25px&#8221;][vc_accordion active_tab=&#8221;0&#8243; collapsible=&#8221;yes&#8221;][vc_accordion_tab title=&#8221;Filomuz&#8221;][vc_column_text]<\/p>\n<table class=\"table table-striped\">\n<thead>\n<tr>\n<th scope=\"col\">Gemi Ad\u0131<\/th>\n<th scope=\"col\">Tipi<\/th>\n<th scope=\"col\">DWT<\/th>\n<th scope=\"col\">\u00dcretim Y\u0131l\u0131<\/th>\n<th scope=\"col\">Canl\u0131 Konum<\/th>\n<\/tr>\n<\/thead>\n<tbody>\n<tr>\n<th scope=\"row\"><a href=\"https:\/\/www.portofcanakkale.com\/ship_kolin_1\/\" rel=\"noopener noreferrer\"><i class=\"fas fa-pager\"> KOLIN 1<\/i><\/a><\/th>\n<td>Palamar Botu<\/td>\n<td>&#8211;<\/td>\n<td>2006<\/td>\n<td><a href=\"https:\/\/www.marinetraffic.com\/en\/ais\/details\/ships\/shipid:6067118\/mmsi:271047069\/imo:0\/vessel:KOLIN_1\" target=\"_blank\" rel=\"noopener noreferrer\"><i class=\"fa fa-map-marker\" aria-hidden=\"true\"> Canl\u0131 Konum<\/i><\/a><\/td>\n<\/tr>\n<tr>\n<th scope=\"row\"><a href=\"https:\/\/www.portofcanakkale.com\/ship_kolin_2\/\" rel=\"noopener noreferrer\"><i class=\"fas fa-pager\"> M\/T KOLIN 2<\/i><\/a><\/th>\n<td>Tanker<\/td>\n<td>1.854<\/td>\n<td>1983<\/td>\n<td><a href=\"https:\/\/www.marinetraffic.com\/en\/ais\/details\/ships\/shipid:339609\/mmsi:271043116\/imo:8622517\/vessel:KOLIN_2\" target=\"_blank\" rel=\"noopener noreferrer\"><i class=\"fa fa-map-marker\" aria-hidden=\"true\"> Canl\u0131 Konum<\/i><\/a><\/td>\n<\/tr>\n<tr>\n<th scope=\"row\"><a href=\"https:\/\/www.portofcanakkale.com\/ship_kolin_4\" rel=\"noopener noreferrer\"><i class=\"fas fa-pager\"> M\/T KOLIN 4<\/i><\/a><\/th>\n<td>Tanker<\/td>\n<td>1.432<\/td>\n<td>1987<\/td>\n<td><a href=\"https:\/\/www.marinetraffic.com\/en\/ais\/details\/ships\/shipid:339841\/mmsi:271043501\/imo:0\/vessel:KOLIN_4\" target=\"_blank\" rel=\"noopener noreferrer\"><i class=\"fa fa-map-marker\" aria-hidden=\"true\"> Canl\u0131 Konum<\/i><\/a><\/td>\n<\/tr>\n<tr>\n<th scope=\"row\"><a href=\"https:\/\/www.portofcanakkale.com\/ship_clias_5\" rel=\"noopener noreferrer\"><i class=\"fas fa-pager\"> M\/T CLIAS 5<\/i><\/a><\/th>\n<td>Tanker<\/td>\n<td>4.276,94<\/td>\n<td>1989<\/td>\n<td><a href=\"https:\/\/www.marinetraffic.com\/en\/ais\/details\/ships\/shipid:8707624\/mmsi:271043809\/imo:0\/vessel:CLIAS_5\" target=\"_blank\" rel=\"noopener noreferrer\"><i class=\"fa fa-map-marker\" aria-hidden=\"true\"> Canl\u0131 Konum<\/i><\/a><\/td>\n<\/tr>\n<tr>\n<th scope=\"row\"><a href=\"https:\/\/www.portofcanakkale.com\/ship_kolin_7\" rel=\"noopener noreferrer\"><i class=\"fas fa-pager\"> M\/T CLIAS 7<\/i><\/a><\/th>\n<td>Tanker<\/td>\n<td>3.857,86<\/td>\n<td>1994<\/td>\n<td><a href=\"https:\/\/www.marinetraffic.com\/en\/ais\/details\/ships\/shipid:4038149\/mmsi:271044432\/imo:0\/vessel:KOLIN_7\" target=\"_blank\" rel=\"noopener noreferrer\"><i class=\"fa fa-map-marker\" aria-hidden=\"true\"> Canl\u0131 Konum<\/i><\/a><\/td>\n<\/tr>\n<tr>\n<th scope=\"row\"><a href=\"https:\/\/www.portofcanakkale.com\/ship_kolin_8\" rel=\"noopener noreferrer\"><i class=\"fas fa-pager\"> M\/T KOLIN 8<\/i><\/a><\/th>\n<td>Tanker<\/td>\n<td>3.384<\/td>\n<td>1996<\/td>\n<td><a href=\"https:\/\/www.marinetraffic.com\/en\/ais\/details\/ships\/shipid:5505072\/mmsi:271045801\/imo:0\/vessel:KOLIN_8\" target=\"_blank\" rel=\"noopener noreferrer\"><i class=\"fa fa-map-marker\" aria-hidden=\"true\"> Canl\u0131 Konum<\/i><\/a><\/td>\n<\/tr>\n<tr>\n<th scope=\"row\"><a href=\"https:\/\/www.portofcanakkale.com\/ship_kepez\" rel=\"noopener noreferrer\"><i class=\"fas fa-pager\"> KEPEZ<\/i><\/a><\/th>\n<td>Hizmet Botu<\/td>\n<td>&#8211;<\/td>\n<td>1984<\/td>\n<td><a href=\"https:\/\/www.marinetraffic.com\/en\/ais\/details\/ships\/shipid:459043\/mmsi:271048201\/imo:9477177\/vessel:AIRA\" target=\"_blank\" rel=\"noopener noreferrer\"><i class=\"fa fa-map-marker\" aria-hidden=\"true\"> Canl\u0131 Konum<\/i><\/a><\/td>\n<\/tr>\n<\/tbody>\n<\/table>\n<p>[\/vc_column_text][\/vc_accordion_tab][\/vc_accordion][\/vc_column][\/vc_row]<\/p>\n<\/div>","protected":false},"excerpt":{"rendered":"<p>[vc_row][vc_column][vc_column_text]CLIAS\u2019\u0131n en b\u00fcy\u00fck g\u00fcc\u00fc, ofislerinde ve y\u00f6netilen gemilerde \u00e7al\u0131\u015fan personelidir. T\u00fcm ofis personelimiz denizde ve\/veya karada farkl\u0131 gemicilik \u015firketlerinde edinilmi\u015f denizcilik e\u011fitimi\/deneyimine sahiptir. 2 adet bunker gemisi ve 4 adet tanker marpol servis gemisinin sahibi ve i\u015fletmecisiyiz. M\u00fc\u015fterilerimize r\u0131ht\u0131mdan gemiye ve gemiden gemiye ta\u015f\u0131mac\u0131l\u0131k hizmetleri sa\u011fl\u0131yoruz. Deneyimli ofis ve gemi m\u00fcrettebat\u0131m\u0131zla yeni ve mevcut m\u00fc\u015fterilerimize [&hellip;]<\/p>\n","protected":false},"author":2,"featured_media":0,"parent":0,"menu_order":0,"comment_status":"closed","ping_status":"closed","template":"full-width.php","meta":{"footnotes":""},"class_list":["post-4481","page","type-page","status-publish","hentry"],"_links":{"self":[{"href":"https:\/\/www.portofcanakkale.com\/tr\/wp-json\/wp\/v2\/pages\/4481","targetHints":{"allow":["GET"]}}],"collection":[{"href":"https:\/\/www.portofcanakkale.com\/tr\/wp-json\/wp\/v2\/pages"}],"about":[{"href":"https:\/\/www.portofcanakkale.com\/tr\/wp-json\/wp\/v2\/types\/page"}],"author":[{"embeddable":true,"href":"https:\/\/www.portofcanakkale.com\/tr\/wp-json\/wp\/v2\/users\/2"}],"replies":[{"embeddable":true,"href":"https:\/\/www.portofcanakkale.com\/tr\/wp-json\/wp\/v2\/comments?post=4481"}],"version-history":[{"count":43,"href":"https:\/\/www.portofcanakkale.com\/tr\/wp-json\/wp\/v2\/pages\/4481\/revisions"}],"predecessor-version":[{"id":6143,"href":"https:\/\/www.portofcanakkale.com\/tr\/wp-json\/wp\/v2\/pages\/4481\/revisions\/6143"}],"wp:attachment":[{"href":"https:\/\/www.portofcanakkale.com\/tr\/wp-json\/wp\/v2\/media?parent=4481"}],"curies":[{"name":"wp","href":"https:\/\/api.w.org\/{rel}","templated":true}]}}