{"id":4479,"date":"2020-04-16T14:05:41","date_gmt":"2020-04-16T11:05:41","guid":{"rendered":"http:\/\/portofcanakkale.com\/?page_id=4479"},"modified":"2025-07-09T10:23:56","modified_gmt":"2025-07-09T07:23:56","slug":"agency","status":"publish","type":"page","link":"https:\/\/www.portofcanakkale.com\/tr\/agency\/","title":{"rendered":"ACENTE"},"content":{"rendered":"<div class=\"wpb-content-wrapper\"><p>[vc_row][vc_column][vc_column_text]<strong>T\u00fcrk Bo\u011fazlar\u0131 ve t\u00fcm T\u00fcrk limanlar\u0131na y\u00f6nelik eksiksiz acentelik hizmetleri i\u00e7in bizi aray\u0131n\u0131z.<\/strong><\/p>\n<p><strong>C L I A S olarak T\u00fcrkiye&#8217;nin her k\u00f6\u015fesinde geni\u015f ve yayg\u0131n bir ileti\u015fim a\u011f\u0131na sahibiz. Bu nedenle size en i\u015flek liman ve sulardan en uzak b\u00f6lgelere kadar eksiksiz bir acentelik hizmet yelpazesi sunabiliyoruz. 7\/24 \u00e7al\u0131\u015f\u0131yoruz. <\/strong><\/p>\n<p><strong><u>HiZMETLER\u0130M\u0130Z<\/u><\/strong><\/p>\n<ul>\n<li><strong>Do\u011fru\/Detayl\u0131 PDA\/FDA<\/strong><\/li>\n<li><strong>FDA haz\u0131rl\u0131\u011f\u0131 3 i\u015f g\u00fcn\u00fc i\u00e7inde<\/strong><\/li>\n<li><strong>Dizilimler ve \u00f6zel gereksinimler hakk\u0131nda yerel bilgi<\/strong><\/li>\n<li><strong>Yetkililerle etkili ileti\u015fim<\/strong><\/li>\n<li><strong>Zaman\u0131nda raporlama<\/strong><\/li>\n<li><strong>Engelleri \u00f6ng\u00f6rerek maliyetleri azaltman\u0131n ak\u0131ll\u0131 yollar\u0131<\/strong><\/li>\n<li><strong>sorunsuz m\u00fcrettebat de\u011fi\u015fimi ve teknisyen kat\u0131l\u0131m\u0131<\/strong><\/li>\n<li><strong>T\u00fcrk Bo\u011fazlar\u0131n\u0131n her iki ucunda ana ofis ve operasyon ofisleri<\/strong><\/li>\n<li><strong>ONA (OwnerS Nominated Agency) :\u00a0 Gemi sahibi ad\u0131na tam acentelik hizmeti<\/strong><\/li>\n<li><strong>OPA (OwnerS Protecting Agency) :\u00a0 Gemi Kiralayanlar\u0131n acentelik fonksiyonunun g\u00f6zden ge\u00e7irilmesi<\/strong><\/li>\n<li><strong>OHA (OwnerS Husbandry Agency) :\u00a0 Kapsaml\u0131 Hizmet baz\u0131nda zaman\u0131nda tedarik<\/strong><\/li>\n<\/ul>\n<p>&nbsp;<\/p>\n<p><strong>Yeni Acente botumuzla hizmetimizi daha emniyetli , h\u0131zl\u0131 ve g\u00fcvenli bir \u015fekilde vermeye devam edece\u011fiz.<\/strong>[\/vc_column_text][vc_single_image image=&#8221;5954&#8243; img_size=&#8221;full&#8221;][\/vc_column][\/vc_row]<\/p>\n<\/div>","protected":false},"excerpt":{"rendered":"<p>[vc_row][vc_column][vc_column_text]T\u00fcrk Bo\u011fazlar\u0131 ve t\u00fcm T\u00fcrk limanlar\u0131na y\u00f6nelik eksiksiz acentelik hizmetleri i\u00e7in bizi aray\u0131n\u0131z. C L I A S olarak T\u00fcrkiye&#8217;nin her k\u00f6\u015fesinde geni\u015f ve yayg\u0131n bir ileti\u015fim a\u011f\u0131na sahibiz. Bu nedenle size en i\u015flek liman ve sulardan en uzak b\u00f6lgelere kadar eksiksiz bir acentelik hizmet yelpazesi sunabiliyoruz. 7\/24 \u00e7al\u0131\u015f\u0131yoruz. HiZMETLER\u0130M\u0130Z Do\u011fru\/Detayl\u0131 PDA\/FDA FDA haz\u0131rl\u0131\u011f\u0131 3 [&hellip;]<\/p>\n","protected":false},"author":2,"featured_media":0,"parent":0,"menu_order":0,"comment_status":"closed","ping_status":"closed","template":"full-width.php","meta":{"footnotes":""},"class_list":["post-4479","page","type-page","status-publish","hentry"],"_links":{"self":[{"href":"https:\/\/www.portofcanakkale.com\/tr\/wp-json\/wp\/v2\/pages\/4479","targetHints":{"allow":["GET"]}}],"collection":[{"href":"https:\/\/www.portofcanakkale.com\/tr\/wp-json\/wp\/v2\/pages"}],"about":[{"href":"https:\/\/www.portofcanakkale.com\/tr\/wp-json\/wp\/v2\/types\/page"}],"author":[{"embeddable":true,"href":"https:\/\/www.portofcanakkale.com\/tr\/wp-json\/wp\/v2\/users\/2"}],"replies":[{"embeddable":true,"href":"https:\/\/www.portofcanakkale.com\/tr\/wp-json\/wp\/v2\/comments?post=4479"}],"version-history":[{"count":18,"href":"https:\/\/www.portofcanakkale.com\/tr\/wp-json\/wp\/v2\/pages\/4479\/revisions"}],"predecessor-version":[{"id":6186,"href":"https:\/\/www.portofcanakkale.com\/tr\/wp-json\/wp\/v2\/pages\/4479\/revisions\/6186"}],"wp:attachment":[{"href":"https:\/\/www.portofcanakkale.com\/tr\/wp-json\/wp\/v2\/media?parent=4479"}],"curies":[{"name":"wp","href":"https:\/\/api.w.org\/{rel}","templated":true}]}}