{"id":4446,"date":"2020-04-13T23:44:48","date_gmt":"2020-04-13T20:44:48","guid":{"rendered":"http:\/\/portofcanakkale.com\/?page_id=4446"},"modified":"2024-03-15T16:24:11","modified_gmt":"2024-03-15T13:24:11","slug":"contact","status":"publish","type":"page","link":"https:\/\/www.portofcanakkale.com\/tr\/contact\/","title":{"rendered":"\u0130LET\u0130\u015e\u0130M"},"content":{"rendered":"<div class=\"wpb-content-wrapper\"><p>[vc_row][vc_column][vc_column_text]<iframe style=\"border: 0;\" tabindex=\"0\" src=\"https:\/\/www.google.com\/maps\/embed?pb=!1m14!1m8!1m3!1d8632.31380424722!2d26.379681493020605!3d40.09807381360038!3m2!1i1024!2i768!4f13.1!3m3!1m2!1s0x14b1aa48ea94eaf5%3A0xc8c12f63a40312d2!2zTGltYW4gxLDFn2xldG1lY2lsacSfaQ!5e0!3m2!1str!2str!4v1586810097290!5m2!1str!2str\" width=\"100%\" height=\"450\" frameborder=\"0\" allowfullscreen=\"allowfullscreen\" aria-hidden=\"false\"><\/iframe>[\/vc_column_text][\/vc_column][\/vc_row][vc_row][vc_column width=&#8221;1\/2&#8243;][vc_column_text]<\/p>\n<h1><strong>Adres<\/strong><\/h1>\n<p>Canakkale Liman \u0130\u015fletmesi San. ve Tic. A.\u015e<\/p>\n<p>Cumhuriyet Mah. Sahil Yolu Cad. KEPEZ\/CANAKKALE[\/vc_column_text][vc_row_inner][vc_column_inner width=&#8221;1\/2&#8243;][icon_block icon=&#8221;fa fa-volume-control-phone&#8221; hover=&#8221;1&#8243; animation=&#8221;fadeIn&#8221;][\/vc_column_inner][vc_column_inner width=&#8221;1\/2&#8243;][vc_column_text]<a href=\"tel:+90-286-263-55-00\"><strong><u>+90 286 263 55 00<\/u><\/strong><\/a><br \/>\n[\/vc_column_text][\/vc_column_inner][\/vc_row_inner][vc_row_inner][vc_column_inner width=&#8221;1\/2&#8243;][icon_block icon=&#8221;fa fa-fax&#8221; hover=&#8221;1&#8243;][\/vc_column_inner][vc_column_inner width=&#8221;1\/2&#8243;][vc_column_text]<strong>+90 286 263 08 08<\/strong>[\/vc_column_text][\/vc_column_inner][\/vc_row_inner][vc_row_inner][vc_column_inner width=&#8221;1\/2&#8243;][icon_block icon=&#8221;fa fa-envelope&#8221; hover=&#8221;1&#8243;][\/vc_column_inner][vc_column_inner width=&#8221;1\/2&#8243;][vc_column_text]<a href=\"mailto:info@portofcanakkale.com\"><u>info@portofcanakkale.com<\/u><\/a>[\/vc_column_text][\/vc_column_inner][\/vc_row_inner][vc_row_inner][vc_column_inner][vc_column_text]<strong>Web<\/strong><\/p>\n<p><a href=\"http:\/\/www.portofcanakkale.com\">www.portofcanakkale.com<\/a><\/p>\n<p><strong>Liman Operasyonlar\u0131 ve Genel Hizmetler<\/strong><\/p>\n<p><a href=\"mailto:info@portofcanakkale.com\"><u>info@portofcanakkale.com<\/u><\/a><\/p>\n<p><strong>\u0130kmal Hizmetleri<\/strong><\/p>\n<p><a href=\"mailto:bunkering@clias.com.tr\"><u>bunkering@clias.com.tr<\/u><\/a><\/p>\n<p><strong>At\u0131k Kabul Hizmetleri<\/strong><\/p>\n<p><a href=\"mailto:marpol@portofcanakkale.com\"><u>marpol@portofcanakkale.com<\/u><\/a><\/p>\n<p><strong>Acentelik Hizmetleri<\/strong><\/p>\n<p><a href=\"mailto:agency@clias.com.tr\"><u>agency@clias.com.tr<\/u><\/a>[\/vc_column_text][\/vc_column_inner][\/vc_row_inner][\/vc_column][vc_column width=&#8221;1\/2&#8243;]\n<div class=\"wpcf7 no-js\" id=\"wpcf7-f5611-o1\" lang=\"tr-TR\" dir=\"ltr\" data-wpcf7-id=\"5611\">\n<div class=\"screen-reader-response\"><p role=\"status\" aria-live=\"polite\" aria-atomic=\"true\"><\/p> <ul><\/ul><\/div>\n<form action=\"\/tr\/wp-json\/wp\/v2\/pages\/4446#wpcf7-f5611-o1\" method=\"post\" class=\"wpcf7-form init\" aria-label=\"\u0130leti\u015fim Formu\" novalidate=\"novalidate\" data-status=\"init\">\n<fieldset class=\"hidden-fields-container\"><input type=\"hidden\" name=\"_wpcf7\" value=\"5611\" \/><input type=\"hidden\" name=\"_wpcf7_version\" value=\"6.1.4\" \/><input type=\"hidden\" name=\"_wpcf7_locale\" value=\"tr_TR\" \/><input type=\"hidden\" name=\"_wpcf7_unit_tag\" value=\"wpcf7-f5611-o1\" \/><input type=\"hidden\" name=\"_wpcf7_container_post\" value=\"0\" \/><input type=\"hidden\" name=\"_wpcf7_posted_data_hash\" value=\"\" \/><input type=\"hidden\" name=\"lang\" value=\"tr\" \/><input type=\"hidden\" name=\"_wpcf7_recaptcha_response\" value=\"\" \/>\n<\/fieldset>\n<p><label> Ad\u0131n\u0131z (gerekli)<br \/>\n<span class=\"wpcf7-form-control-wrap\" data-name=\"your-name\"><input size=\"40\" maxlength=\"400\" class=\"wpcf7-form-control wpcf7-text wpcf7-validates-as-required\" aria-required=\"true\" aria-invalid=\"false\" value=\"\" type=\"text\" name=\"your-name\" \/><\/span> <\/label>\n<\/p>\n<p><label> E-Mail Adresiniz (gerekli)<br \/>\n<span class=\"wpcf7-form-control-wrap\" data-name=\"your-email\"><input size=\"40\" maxlength=\"400\" class=\"wpcf7-form-control wpcf7-email wpcf7-validates-as-required wpcf7-text wpcf7-validates-as-email\" aria-required=\"true\" aria-invalid=\"false\" value=\"\" type=\"email\" name=\"your-email\" \/><\/span> <\/label>\n<\/p>\n<p><label> Konu<br \/>\n<span class=\"wpcf7-form-control-wrap\" data-name=\"your-subject\"><input size=\"40\" maxlength=\"400\" class=\"wpcf7-form-control wpcf7-text\" aria-invalid=\"false\" value=\"\" type=\"text\" name=\"your-subject\" \/><\/span> <\/label>\n<\/p>\n<p><label> Mesaj\u0131n\u0131z<br \/>\n<span class=\"wpcf7-form-control-wrap\" data-name=\"your-message\"><textarea cols=\"40\" rows=\"10\" maxlength=\"2000\" class=\"wpcf7-form-control wpcf7-textarea\" aria-invalid=\"false\" name=\"your-message\"><\/textarea><\/span> <\/label>\n<\/p>\n<p><input class=\"wpcf7-form-control wpcf7-submit has-spinner\" type=\"submit\" value=\"G\u00f6nder\" \/>\n<\/p><div class=\"wpcf7-response-output\" aria-hidden=\"true\"><\/div>\n<\/form>\n<\/div>\n\r\n\t\t\t\t<script>\r\n\t\t\t\tif ( typeof huOptions !== 'undefined' ) {\r\n\t\t\t\t\tvar huFormData = {\"source\":\"contactform7\",\"id\":5611,\"title\":\"Ana \\u0130leti\\u015fim Formu\",\"fields\":{\"subject\":{\"first_name\":\"your-name\",\"email\":\"your-email\"},\"preferences\":{\"terms\":\"your-consent\"}}};\r\n\t\t\t\t\tvar huFormNode = document.querySelector( '[id^=\"wpcf7-f5611-\"] form' );\r\n\r\n\t\t\t\t\thuFormData['node'] = huFormNode;\r\n\t\t\t\t\thuOptions['forms'].push( huFormData );\r\n\t\t\t\t}\r\n\t\t\t\t<\/script>[\/vc_column][\/vc_row]<\/p>\n<\/div>","protected":false},"excerpt":{"rendered":"<p>[vc_row][vc_column][vc_column_text][\/vc_column_text][\/vc_column][\/vc_row][vc_row][vc_column width=&#8221;1\/2&#8243;][vc_column_text] Adres Canakkale Liman \u0130\u015fletmesi San. ve Tic. A.\u015e Cumhuriyet Mah. Sahil Yolu Cad. KEPEZ\/CANAKKALE[\/vc_column_text][vc_row_inner][vc_column_inner width=&#8221;1\/2&#8243;][icon_block icon=&#8221;fa fa-volume-control-phone&#8221; hover=&#8221;1&#8243; animation=&#8221;fadeIn&#8221;][\/vc_column_inner][vc_column_inner width=&#8221;1\/2&#8243;][vc_column_text]+90 286 263 55 00 [\/vc_column_text][\/vc_column_inner][\/vc_row_inner][vc_row_inner][vc_column_inner width=&#8221;1\/2&#8243;][icon_block icon=&#8221;fa fa-fax&#8221; hover=&#8221;1&#8243;][\/vc_column_inner][vc_column_inner width=&#8221;1\/2&#8243;][vc_column_text]+90 286 263 08 08[\/vc_column_text][\/vc_column_inner][\/vc_row_inner][vc_row_inner][vc_column_inner width=&#8221;1\/2&#8243;][icon_block icon=&#8221;fa fa-envelope&#8221; hover=&#8221;1&#8243;][\/vc_column_inner][vc_column_inner width=&#8221;1\/2&#8243;][vc_column_text]info@portofcanakkale.com[\/vc_column_text][\/vc_column_inner][\/vc_row_inner][vc_row_inner][vc_column_inner][vc_column_text]Web www.portofcanakkale.com Liman Operasyonlar\u0131 ve Genel Hizmetler info@portofcanakkale.com \u0130kmal Hizmetleri bunkering@clias.com.tr At\u0131k Kabul Hizmetleri marpol@portofcanakkale.com [&hellip;]<\/p>\n","protected":false},"author":2,"featured_media":0,"parent":0,"menu_order":0,"comment_status":"closed","ping_status":"closed","template":"full-width.php","meta":{"footnotes":""},"class_list":["post-4446","page","type-page","status-publish","hentry"],"_links":{"self":[{"href":"https:\/\/www.portofcanakkale.com\/tr\/wp-json\/wp\/v2\/pages\/4446","targetHints":{"allow":["GET"]}}],"collection":[{"href":"https:\/\/www.portofcanakkale.com\/tr\/wp-json\/wp\/v2\/pages"}],"about":[{"href":"https:\/\/www.portofcanakkale.com\/tr\/wp-json\/wp\/v2\/types\/page"}],"author":[{"embeddable":true,"href":"https:\/\/www.portofcanakkale.com\/tr\/wp-json\/wp\/v2\/users\/2"}],"replies":[{"embeddable":true,"href":"https:\/\/www.portofcanakkale.com\/tr\/wp-json\/wp\/v2\/comments?post=4446"}],"version-history":[{"count":9,"href":"https:\/\/www.portofcanakkale.com\/tr\/wp-json\/wp\/v2\/pages\/4446\/revisions"}],"predecessor-version":[{"id":5613,"href":"https:\/\/www.portofcanakkale.com\/tr\/wp-json\/wp\/v2\/pages\/4446\/revisions\/5613"}],"wp:attachment":[{"href":"https:\/\/www.portofcanakkale.com\/tr\/wp-json\/wp\/v2\/media?parent=4446"}],"curies":[{"name":"wp","href":"https:\/\/api.w.org\/{rel}","templated":true}]}}