{"id":5775,"date":"2024-10-31T16:21:44","date_gmt":"2024-10-31T13:21:44","guid":{"rendered":"https:\/\/www.portofcanakkale.com\/tr\/?page_id=5775"},"modified":"2025-07-09T11:20:39","modified_gmt":"2025-07-09T08:20:39","slug":"whoarewe","status":"publish","type":"page","link":"https:\/\/www.portofcanakkale.com\/en\/whoarewe\/","title":{"rendered":"WHO WE ARE"},"content":{"rendered":"<div class=\"wpb-content-wrapper\"><p>[vc_row][vc_column][vc_column_text]As of December 2, 2005, \u00c7anakkale Port (Kepez Port) began operations under the management of \u00c7anakkale Liman \u0130\u015fletmesi San. ve Tic. A.\u015e., within the framework of a 29-year operating period under the Build-Operate-Transfer (BOT) model.<\/p>\n<p>In addition to port operations for handling almost all types of cargo\u2014such as bulk, general cargo, liquid, chemical (sunflower oil, base oil etc) container, and Ro-Ro\u2014the port is also active in cruise operations, as well as in waste reception and processing, fuel supply, ship management, agency services, and tank cleaning.<\/p>\n<p>&nbsp;<\/p>\n<ul>\n<li>Bulk Cargo<\/li>\n<li>Oil Product Tankers<\/li>\n<li>Chemical Tankers (Base Oil, Sunflower Oil, etc.)<\/li>\n<li>Passenger Ships<\/li>\n<li>Ferries<\/li>\n<li>High-Speed Passenger Vessels<\/li>\n<li>General Cargo<\/li>\n<li>Ro-Ro Ships<\/li>\n<li>Container Ships<\/li>\n<\/ul>\n<p>[\/vc_column_text][\/vc_column][\/vc_row]<\/p>\n<\/div>","protected":false},"excerpt":{"rendered":"<p>[vc_row][vc_column][vc_column_text]As of December 2, 2005, \u00c7anakkale Port (Kepez Port) began operations under the management of \u00c7anakkale Liman \u0130\u015fletmesi San. ve Tic. A.\u015e., within the framework of a 29-year operating period under the Build-Operate-Transfer (BOT) model. In addition to port operations for handling almost all types of cargo\u2014such as bulk, general cargo, liquid, chemical (sunflower oil, [&hellip;]<\/p>\n","protected":false},"author":2,"featured_media":0,"parent":0,"menu_order":0,"comment_status":"closed","ping_status":"closed","template":"","meta":{"footnotes":""},"class_list":["post-5775","page","type-page","status-publish","hentry"],"_links":{"self":[{"href":"https:\/\/www.portofcanakkale.com\/en\/wp-json\/wp\/v2\/pages\/5775","targetHints":{"allow":["GET"]}}],"collection":[{"href":"https:\/\/www.portofcanakkale.com\/en\/wp-json\/wp\/v2\/pages"}],"about":[{"href":"https:\/\/www.portofcanakkale.com\/en\/wp-json\/wp\/v2\/types\/page"}],"author":[{"embeddable":true,"href":"https:\/\/www.portofcanakkale.com\/en\/wp-json\/wp\/v2\/users\/2"}],"replies":[{"embeddable":true,"href":"https:\/\/www.portofcanakkale.com\/en\/wp-json\/wp\/v2\/comments?post=5775"}],"version-history":[{"count":9,"href":"https:\/\/www.portofcanakkale.com\/en\/wp-json\/wp\/v2\/pages\/5775\/revisions"}],"predecessor-version":[{"id":6197,"href":"https:\/\/www.portofcanakkale.com\/en\/wp-json\/wp\/v2\/pages\/5775\/revisions\/6197"}],"wp:attachment":[{"href":"https:\/\/www.portofcanakkale.com\/en\/wp-json\/wp\/v2\/media?parent=5775"}],"curies":[{"name":"wp","href":"https:\/\/api.w.org\/{rel}","templated":true}]}}